{"id":10310,"date":"2024-03-28T14:06:05","date_gmt":"2024-03-28T14:06:05","guid":{"rendered":"https:\/\/www.grupoplantar.com.br\/?page_id=10310"},"modified":"2026-04-06T19:27:38","modified_gmt":"2026-04-06T19:27:38","slug":"relatorios-de-transparencia","status":"publish","type":"page","link":"https:\/\/www.grupoplantar.com.br\/en\/gestao-de-pessoas\/relatorios-de-transparencia\/","title":{"rendered":"Relat\u00f3rios de Transpar\u00eancia"},"content":{"rendered":"\n<h3> O Grupo Plantar disponibiliza abaixo os relat\u00f3rios de transpar\u00eancia salarial, elaborado e disponibilizado pelo Minist\u00e9rio do Trabalho e Emprego, que disp\u00f5e sobre a igualdade salarial e de crit\u00e9rios remunerat\u00f3rios entre homens e mulheres.<\/h3>\n<br>\n<h5>\n<hr>\n\n\n<h1>1\u00ba Semestre 2026<\/h1>\n<table border=\"2\" bordercolor=\"green\">\n    <thead>\n        <tr>\n            <th><strong>Empresa<\/strong><\/th>\n            <th><strong>Data Publica\u00e7\u00e3o<\/strong><\/th>\n            <th><strong>Arquivo<\/strong><\/th>\n        <\/tr>\n    <\/thead>\n    <tbody>\n        <tr>\n            <td>PLANTAR EMPREENDIMENTOS E PRODUTOS FLORESTAIS LTDA <\/td>\n            <td>06\/04\/2026<\/td>\n            <td><a href=\"https:\/\/www.grupoplantar.com.br\/wp-content\/uploads\/21752910000362-2026-1.pdf\">(21.752.9100003-62)<\/a><\/td>\n        <\/tr>\n\t\t<tr>\n            <td>PLANTAR EMPREENDIMENTOS E PRODUTOS FLORESTAIS LTDA <\/td>\n            <td>06\/04\/2026<\/td>\n            <td><a href=\"https:\/\/www.grupoplantar.com.br\/wp-content\/uploads\/21752910001172-2026-1.pdf\">(21.752.9100011-72) <\/a><\/td>\n        <\/tr>\n\t\t<tr>\n            <td>PLANTAR EMPREENDIMENTOS E PRODUTOS FLORESTAIS LTDA <\/td>\n            <td>06\/04\/2026<\/td>\n            <td><a href=\"https:\/\/www.grupoplantar.com.br\/wp-content\/uploads\/21752910000109-2026-1.pdf\">(21.752.9100001-09) <\/a><\/td>\n        <\/tr>\n        <tr>\n            <td>CENTRO NORTE MUDAS E SEMENTES LTDA <\/td>\n            <td>06\/04\/2026<\/td>\n            <td><a href=\"https:\/\/www.grupoplantar.com.br\/wp-content\/uploads\/19996230000342-2026-1.pdf\">(19.996.2300003-42) <\/a><\/td>\n        <\/tr>\n        <tr>\n            <td>PLANTAR SA PLANEJAMENTO TECNICA E ADMINISTRACAO DE REFLORESTAMENTOS <\/td>\n            <td>06\/04\/2026<\/td>\n            <td><a href=\"https:\/\/www.grupoplantar.com.br\/wp-content\/uploads\/17227414017550-2026-1.pdf\"> (17.227.4140175-50)<\/a><\/td>\n        <\/tr>\n\t\t<tr>\n            <td>PLANTAR SA PLANEJAMENTO TECNICA E ADMINISTRACAO DE REFLORESTAMENTOS<\/td>\n            <td>06\/04\/2026<\/td>\n            <td><a href=\"https:\/\/www.grupoplantar.com.br\/wp-content\/uploads\/17227414010202-2026-1.pdf\"> (17.227.4140102-02)<\/a><\/td>\n        <\/tr>\n\n    <\/tbody>\n<\/table>\n<br>\n\n<h1>2\u00ba Semestre 2025<\/h1>\n<table border=\"2\" bordercolor=\"green\">\n    <thead>\n        <tr>\n            <th><strong>Empresa<\/strong><\/th>\n            <th><strong>Data Publica\u00e7\u00e3o<\/strong><\/th>\n            <th><strong>Arquivo<\/strong><\/th>\n        <\/tr>\n    <\/thead>\n    <tbody>\n        <tr>\n            <td>PLANTAR EMPREENDIMENTOS E PRODUTOS FLORESTAIS LTDA <\/td>\n            <td>29\/09\/2025<\/td>\n            <td><a href=\"https:\/\/www.grupoplantar.com.br\/wp-content\/uploads\/21752910000362-2025-2.pdf\">(21.752.9100003-62)<\/a><\/td>\n        <\/tr>\n\t\t<tr>\n            <td>PLANTAR EMPREENDIMENTOS E PRODUTOS FLORESTAIS LTDA <\/td>\n            <td>29\/09\/2025<\/td>\n            <td><a href=\"https:\/\/www.grupoplantar.com.br\/wp-content\/uploads\/21752910001172-2025-2.pdf\">(21.752.9100011-72) <\/a><\/td>\n        <\/tr>\n        <tr>\n            <td>CENTRO NORTE MUDAS E SEMENTES LTDA <\/td>\n            <td>29\/09\/2025<\/td>\n            <td><a href=\"https:\/\/www.grupoplantar.com.br\/wp-content\/uploads\/19996230000342-2025-2.pdf\">(19.996.2300003-42) <\/a><\/td>\n        <\/tr>\n        <tr>\n            <td>PLANTAR SA PLANEJAMENTO TECNICA E ADMINISTRACAO DE REFLORESTAMENTOS <\/td>\n            <td>29\/09\/2025<\/td>\n            <td><a href=\"https:\/\/www.grupoplantar.com.br\/wp-content\/uploads\/17227414017550-2025-2.pdf\"> (17.227.4140175-50)<\/a><\/td>\n        <\/tr>\n\t\t<tr>\n            <td>PLANTAR SA PLANEJAMENTO TECNICA E ADMINISTRACAO DE REFLORESTAMENTOS<\/td>\n            <td>29\/09\/2025<\/td>\n            <td><a href=\"https:\/\/www.grupoplantar.com.br\/wp-content\/uploads\/17227414010202-2025-2.pdf\"> (17.227.4140102-02)<\/a><\/td>\n        <\/tr>\n\t\t<tr>\n            <td>ZANINI FLORESTAL LIMITADA<\/td>\n            <td>29\/09\/2025<\/td>\n            <td><a href=\"https:\/\/www.grupoplantar.com.br\/wp-content\/uploads\/15606007002334-2025-2.pdf\">(15.606.0070023-34) <\/a><\/td>\n        <\/tr>\n\n    <\/tbody>\n<\/table>\n<br>\n\n<h1>1\u00ba Semestre 2025<\/h1>\n<table border=\"2\" bordercolor=\"green\">\n    <thead>\n        <tr>\n            <th><strong>Empresa<\/strong><\/th>\n            <th><strong>Data Publica\u00e7\u00e3o<\/strong><\/th>\n            <th><strong>Arquivo<\/strong><\/th>\n        <\/tr>\n    <\/thead>\n    <tbody>\n        <tr>\n            <td>PLANTAR EMPREENDIMENTOS E PRODUTOS FLORESTAIS LTDA <\/td>\n            <td>29\/03\/2025<\/td>\n            <td><a href=\"https:\/\/www.grupoplantar.com.br\/wp-content\/uploads\/21752910000362-2025-1.pdf\">(21.752.9100003-62)<\/a><\/td>\n        <\/tr>\n\t\t<tr>\n            <td>PLANTAR EMPREENDIMENTOS E PRODUTOS FLORESTAIS LTDA <\/td>\n            <td>29\/03\/2025<\/td>\n            <td><a href=\"https:\/\/www.grupoplantar.com.br\/wp-content\/uploads\/21752910001172-2025-1.pdf\">(21.752.9100011-72) <\/a><\/td>\n        <\/tr>\n        <tr>\n            <td>CENTRO NORTE MUDAS E SEMENTES LTDA <\/td>\n            <td>29\/03\/2025<\/td>\n            <td><a href=\"https:\/\/www.grupoplantar.com.br\/wp-content\/uploads\/19996230000342-2025-1.pdf\">(19.996.2300003-42) <\/a><\/td>\n        <\/tr>\n        <tr>\n            <td>PLANTAR SA PLANEJAMENTO TECNICA E ADMINISTRACAO DE REFLORESTAMENTOS <\/td>\n            <td>29\/03\/2025<\/td>\n            <td><a href=\"https:\/\/www.grupoplantar.com.br\/wp-content\/uploads\/17227414017550-2025-1.pdf\"> (17.227.4140175-50)<\/a><\/td>\n        <\/tr>\n\t\t<tr>\n            <td>PLANTAR SA PLANEJAMENTO TECNICA E ADMINISTRACAO DE REFLORESTAMENTOS<\/td>\n            <td>29\/03\/2025<\/td>\n            <td><a href=\"https:\/\/www.grupoplantar.com.br\/wp-content\/uploads\/17227414010202-2025-1.pdf\"> (17.227.4140102-02)<\/a><\/td>\n        <\/tr>\n\t\t<tr>\n            <td>ZANINI FLORESTAL LIMITADA<\/td>\n            <td>29\/03\/2025<\/td>\n            <td><a href=\"https:\/\/www.grupoplantar.com.br\/wp-content\/uploads\/15606007002334-2025-1.pdf\">(15.606.0070023-34) <\/a><\/td>\n        <\/tr>\n\n    <\/tbody>\n<\/table>\n<br>\n<h1>2\u00ba Semestre 2024<\/h1>\n<table border=\"2\" bordercolor=\"green\">\n    <thead>\n        <tr>\n            <th><strong>Empresa<\/strong><\/th>\n            <th><strong>Data Publica\u00e7\u00e3o<\/strong><\/th>\n            <th><strong>Arquivo<\/strong><\/th>\n        <\/tr>\n    <\/thead>\n    <tbody>\n        <tr>\n            <td>PLANTAR EMPREENDIMENTOS E PRODUTOS FLORESTAIS LTDA <\/td>\n            <td>28\/09\/2024<\/td>\n            <td><a href=\"https:\/\/www.grupoplantar.com.br\/wp-content\/uploads\/21.752.9100003-62.pdf\">(21.752.9100003-62)<\/a><\/td>\n        <\/tr>\n\t\t<tr>\n            <td>PLANTAR EMPREENDIMENTOS E PRODUTOS FLORESTAIS LTDA <\/td>\n            <td>28\/09\/2024<\/td>\n            <td><a href=\"https:\/\/www.grupoplantar.com.br\/wp-content\/uploads\/21.752.9100011-72.pdf\">(21.752.9100011-72) <\/a><\/td>\n        <\/tr>\n        <tr>\n            <td>CENTRO NORTE MUDAS E SEMENTES LTDA <\/td>\n            <td>28\/09\/2024<\/td>\n            <td><a href=\"https:\/\/www.grupoplantar.com.br\/wp-content\/uploads\/19.996.2300003-42.pdf\">(19.996.2300003-42) <\/a><\/td>\n        <\/tr>\n        <tr>\n            <td>PLANTAR SA PLANEJAMENTO TECNICA E ADMINISTRACAO DE REFLORESTAMENTOS <\/td>\n            <td>28\/09\/2024<\/td>\n            <td><a href=\"https:\/\/www.grupoplantar.com.br\/wp-content\/uploads\/17.227.4140175-50.pdf\"> (17.227.4140175-50)<\/a><\/td>\n        <\/tr>\n\t\t<tr>\n            <td>PLANTAR SA PLANEJAMENTO TECNICA E ADMINISTRACAO DE REFLORESTAMENTOS<\/td>\n            <td>28\/09\/2024<\/td>\n            <td><a href=\"https:\/\/www.grupoplantar.com.br\/wp-content\/uploads\/17.227.4140102-02.pdf\"> (17.227.4140102-02)<\/a><\/td>\n        <\/tr>\n\t\t<tr>\n            <td>ZANINI FLORESTAL LIMITADA<\/td>\n            <td>28\/09\/2024<\/td>\n            <td><a href=\"https:\/\/www.grupoplantar.com.br\/wp-content\/uploads\/15.606.0070023-34.pdf\">(15.606.0070023-34) <\/a><\/td>\n        <\/tr>\n\n    <\/tbody>\n<\/table>\n<h1>1\u00ba Semestre 2024<\/h1>\n<table border=\"2\" bordercolor=\"green\">\n    <thead>\n        <tr>\n            <th><strong>Empresa<\/strong><\/th>\n            <th><strong>Data Publica\u00e7\u00e3o<\/strong><\/th>\n            <th><strong>Arquivo<\/strong><\/th>\n        <\/tr>\n    <\/thead>\n    <tbody>\n        <tr>\n            <td>PLANTAR EMPREENDIMENTOS E PRODUTOS FLORESTAIS LTDA <\/td>\n            <td>28\/03\/2024<\/td>\n            <td><a href=\"https:\/\/www.grupoplantar.com.br\/wp-content\/uploads\/Relatorio_21.752.9100003-62.pdf\">(21.752.9100003-62)<\/a><\/td>\n        <\/tr>\n        <tr>\n            <td>CENTRO NORTE MUDAS E SEMENTES LTDA <\/td>\n            <td>28\/03\/2024<\/td>\n            <td><a href=\"https:\/\/www.grupoplantar.com.br\/wp-content\/uploads\/Relatorio_19.996.2300003-42.pdf\">(19.996.2300003-42) <\/a><\/td>\n        <\/tr>\n        <tr>\n            <td>PLANTAR SA PLANEJAMENTO TECNICA E ADMINISTRACAO DE REFLORESTAMENTOS <\/td>\n            <td>28\/03\/2024<\/td>\n            <td><a href=\"https:\/\/www.grupoplantar.com.br\/wp-content\/uploads\/Relatorio_17.227.4140175-50.pdf\"> (17.227.4140175-50)<\/a><\/td>\n        <\/tr>\n\t\t<tr>\n            <td>PLANTAR SA PLANEJAMENTO TECNICA E ADMINISTRACAO DE REFLORESTAMENTOS<\/td>\n            <td>28\/03\/2024<\/td>\n            <td><a href=\"https:\/\/www.grupoplantar.com.br\/wp-content\/uploads\/Relatorio_17.227.4140102-02.pdf\"> (17.227.4140102-02)<\/a><\/td>\n        <\/tr>\n\t\t<tr>\n            <td>ZANINI FLORESTAL LIMITADA<\/td>\n            <td>28\/03\/2024<\/td>\n            <td><a href=\"https:\/\/www.grupoplantar.com.br\/wp-content\/uploads\/Relatorio_15.606.0070023-34.pdf\">(15.606.0070023-34) <\/a><\/td>\n        <\/tr>\n    <\/tbody>\n<\/table>\n<\/h5>\n","protected":false},"excerpt":{"rendered":"<p>O Grupo Plantar disponibiliza abaixo os relat\u00f3rios de transpar\u00eancia salarial, elaborado e disponibilizado pelo Minist\u00e9rio do Trabalho e Emprego, que disp\u00f5e sobre a igualdade salarial e de crit\u00e9rios remunerat\u00f3rios entre homens e mulheres. 1\u00ba Semestre 2026 Empresa Data Publica\u00e7\u00e3o Arquivo PLANTAR EMPREENDIMENTOS E PRODUTOS FLORESTAIS LTDA 06\/04\/2026 (21.752.9100003-62) PLANTAR EMPREENDIMENTOS E PRODUTOS FLORESTAIS LTDA 06\/04\/2026 [&hellip;]<\/p>\n","protected":false},"author":3,"featured_media":0,"parent":9,"menu_order":0,"comment_status":"closed","ping_status":"closed","template":"page-gestao-pessoas.php","meta":{"_acf_changed":false,"footnotes":"","_links_to":"","_links_to_target":""},"class_list":["post-10310","page","type-page","status-publish","hentry"],"acf":[],"yoast_head":"<!-- This site is optimized with the Yoast SEO plugin v23.7 - https:\/\/yoast.com\/wordpress\/plugins\/seo\/ -->\n<title>Relat\u00f3rios de Transpar\u00eancia - Grupo Plantar<\/title>\n<meta name=\"robots\" content=\"index, follow, max-snippet:-1, max-image-preview:large, max-video-preview:-1\" \/>\n<link rel=\"canonical\" href=\"https:\/\/www.grupoplantar.com.br\/gestao-de-pessoas\/relatorios-de-transparencia\/\" \/>\n<meta property=\"og:locale\" content=\"en_US\" \/>\n<meta property=\"og:type\" content=\"article\" \/>\n<meta property=\"og:title\" content=\"Relat\u00f3rios de Transpar\u00eancia - Grupo Plantar\" \/>\n<meta property=\"og:description\" content=\"O Grupo Plantar disponibiliza abaixo os relat\u00f3rios de transpar\u00eancia salarial, elaborado e disponibilizado pelo Minist\u00e9rio do Trabalho e Emprego, que disp\u00f5e sobre a igualdade salarial e de crit\u00e9rios remunerat\u00f3rios entre homens e mulheres. 1\u00ba Semestre 2026 Empresa Data Publica\u00e7\u00e3o Arquivo PLANTAR EMPREENDIMENTOS E PRODUTOS FLORESTAIS LTDA 06\/04\/2026 (21.752.9100003-62) PLANTAR EMPREENDIMENTOS E PRODUTOS FLORESTAIS LTDA 06\/04\/2026 [&hellip;]\" \/>\n<meta property=\"og:url\" content=\"https:\/\/www.grupoplantar.com.br\/gestao-de-pessoas\/relatorios-de-transparencia\/\" \/>\n<meta property=\"og:site_name\" content=\"Grupo Plantar\" \/>\n<meta property=\"article:modified_time\" content=\"2026-04-06T19:27:38+00:00\" \/>\n<meta name=\"twitter:card\" content=\"summary_large_image\" \/>\n<meta name=\"twitter:label1\" content=\"Est. reading time\" \/>\n\t<meta name=\"twitter:data1\" content=\"2 minutes\" \/>\n<script type=\"application\/ld+json\" class=\"yoast-schema-graph\">{\"@context\":\"https:\/\/schema.org\",\"@graph\":[{\"@type\":\"WebPage\",\"@id\":\"https:\/\/www.grupoplantar.com.br\/gestao-de-pessoas\/relatorios-de-transparencia\/\",\"url\":\"https:\/\/www.grupoplantar.com.br\/gestao-de-pessoas\/relatorios-de-transparencia\/\",\"name\":\"Relat\u00f3rios de Transpar\u00eancia - Grupo Plantar\",\"isPartOf\":{\"@id\":\"https:\/\/www.grupoplantar.com.br\/#website\"},\"datePublished\":\"2024-03-28T14:06:05+00:00\",\"dateModified\":\"2026-04-06T19:27:38+00:00\",\"breadcrumb\":{\"@id\":\"https:\/\/www.grupoplantar.com.br\/gestao-de-pessoas\/relatorios-de-transparencia\/#breadcrumb\"},\"inLanguage\":\"en-US\",\"potentialAction\":[{\"@type\":\"ReadAction\",\"target\":[\"https:\/\/www.grupoplantar.com.br\/gestao-de-pessoas\/relatorios-de-transparencia\/\"]}]},{\"@type\":\"BreadcrumbList\",\"@id\":\"https:\/\/www.grupoplantar.com.br\/gestao-de-pessoas\/relatorios-de-transparencia\/#breadcrumb\",\"itemListElement\":[{\"@type\":\"ListItem\",\"position\":1,\"name\":\"Human Resources\",\"item\":\"\/gestao-de-pessoas\/desenvolvimento-e-capacitacao\/\"},{\"@type\":\"ListItem\",\"position\":2,\"name\":\"Relat\u00f3rios de Transpar\u00eancia\"}]},{\"@type\":\"WebSite\",\"@id\":\"https:\/\/www.grupoplantar.com.br\/#website\",\"url\":\"https:\/\/www.grupoplantar.com.br\/\",\"name\":\"Grupo Plantar\",\"description\":\"\u00c1rvores por um mundo melhor.\",\"publisher\":{\"@id\":\"https:\/\/www.grupoplantar.com.br\/#organization\"},\"potentialAction\":[{\"@type\":\"SearchAction\",\"target\":{\"@type\":\"EntryPoint\",\"urlTemplate\":\"https:\/\/www.grupoplantar.com.br\/?s={search_term_string}\"},\"query-input\":{\"@type\":\"PropertyValueSpecification\",\"valueRequired\":true,\"valueName\":\"search_term_string\"}}],\"inLanguage\":\"en-US\"},{\"@type\":\"Organization\",\"@id\":\"https:\/\/www.grupoplantar.com.br\/#organization\",\"name\":\"Grupo Plantar\",\"url\":\"https:\/\/www.grupoplantar.com.br\/\",\"logo\":{\"@type\":\"ImageObject\",\"inLanguage\":\"en-US\",\"@id\":\"https:\/\/www.grupoplantar.com.br\/#\/schema\/logo\/image\/\",\"url\":\"https:\/\/www.grupoplantar.com.br\/wp-content\/uploads\/logo-plantar1.png\",\"contentUrl\":\"https:\/\/www.grupoplantar.com.br\/wp-content\/uploads\/logo-plantar1.png\",\"width\":128,\"height\":126,\"caption\":\"Grupo Plantar\"},\"image\":{\"@id\":\"https:\/\/www.grupoplantar.com.br\/#\/schema\/logo\/image\/\"}}]}<\/script>\n<!-- \/ Yoast SEO plugin. -->","yoast_head_json":{"title":"Relat\u00f3rios de Transpar\u00eancia - Grupo Plantar","robots":{"index":"index","follow":"follow","max-snippet":"max-snippet:-1","max-image-preview":"max-image-preview:large","max-video-preview":"max-video-preview:-1"},"canonical":"https:\/\/www.grupoplantar.com.br\/gestao-de-pessoas\/relatorios-de-transparencia\/","og_locale":"en_US","og_type":"article","og_title":"Relat\u00f3rios de Transpar\u00eancia - Grupo Plantar","og_description":"O Grupo Plantar disponibiliza abaixo os relat\u00f3rios de transpar\u00eancia salarial, elaborado e disponibilizado pelo Minist\u00e9rio do Trabalho e Emprego, que disp\u00f5e sobre a igualdade salarial e de crit\u00e9rios remunerat\u00f3rios entre homens e mulheres. 1\u00ba Semestre 2026 Empresa Data Publica\u00e7\u00e3o Arquivo PLANTAR EMPREENDIMENTOS E PRODUTOS FLORESTAIS LTDA 06\/04\/2026 (21.752.9100003-62) PLANTAR EMPREENDIMENTOS E PRODUTOS FLORESTAIS LTDA 06\/04\/2026 [&hellip;]","og_url":"https:\/\/www.grupoplantar.com.br\/gestao-de-pessoas\/relatorios-de-transparencia\/","og_site_name":"Grupo Plantar","article_modified_time":"2026-04-06T19:27:38+00:00","twitter_card":"summary_large_image","twitter_misc":{"Est. reading time":"2 minutes"},"schema":{"@context":"https:\/\/schema.org","@graph":[{"@type":"WebPage","@id":"https:\/\/www.grupoplantar.com.br\/gestao-de-pessoas\/relatorios-de-transparencia\/","url":"https:\/\/www.grupoplantar.com.br\/gestao-de-pessoas\/relatorios-de-transparencia\/","name":"Relat\u00f3rios de Transpar\u00eancia - Grupo Plantar","isPartOf":{"@id":"https:\/\/www.grupoplantar.com.br\/#website"},"datePublished":"2024-03-28T14:06:05+00:00","dateModified":"2026-04-06T19:27:38+00:00","breadcrumb":{"@id":"https:\/\/www.grupoplantar.com.br\/gestao-de-pessoas\/relatorios-de-transparencia\/#breadcrumb"},"inLanguage":"en-US","potentialAction":[{"@type":"ReadAction","target":["https:\/\/www.grupoplantar.com.br\/gestao-de-pessoas\/relatorios-de-transparencia\/"]}]},{"@type":"BreadcrumbList","@id":"https:\/\/www.grupoplantar.com.br\/gestao-de-pessoas\/relatorios-de-transparencia\/#breadcrumb","itemListElement":[{"@type":"ListItem","position":1,"name":"Human Resources","item":"\/gestao-de-pessoas\/desenvolvimento-e-capacitacao\/"},{"@type":"ListItem","position":2,"name":"Relat\u00f3rios de Transpar\u00eancia"}]},{"@type":"WebSite","@id":"https:\/\/www.grupoplantar.com.br\/#website","url":"https:\/\/www.grupoplantar.com.br\/","name":"Grupo Plantar","description":"\u00c1rvores por um mundo melhor.","publisher":{"@id":"https:\/\/www.grupoplantar.com.br\/#organization"},"potentialAction":[{"@type":"SearchAction","target":{"@type":"EntryPoint","urlTemplate":"https:\/\/www.grupoplantar.com.br\/?s={search_term_string}"},"query-input":{"@type":"PropertyValueSpecification","valueRequired":true,"valueName":"search_term_string"}}],"inLanguage":"en-US"},{"@type":"Organization","@id":"https:\/\/www.grupoplantar.com.br\/#organization","name":"Grupo Plantar","url":"https:\/\/www.grupoplantar.com.br\/","logo":{"@type":"ImageObject","inLanguage":"en-US","@id":"https:\/\/www.grupoplantar.com.br\/#\/schema\/logo\/image\/","url":"https:\/\/www.grupoplantar.com.br\/wp-content\/uploads\/logo-plantar1.png","contentUrl":"https:\/\/www.grupoplantar.com.br\/wp-content\/uploads\/logo-plantar1.png","width":128,"height":126,"caption":"Grupo Plantar"},"image":{"@id":"https:\/\/www.grupoplantar.com.br\/#\/schema\/logo\/image\/"}}]}},"_links":{"self":[{"href":"https:\/\/www.grupoplantar.com.br\/en\/wp-json\/wp\/v2\/pages\/10310"}],"collection":[{"href":"https:\/\/www.grupoplantar.com.br\/en\/wp-json\/wp\/v2\/pages"}],"about":[{"href":"https:\/\/www.grupoplantar.com.br\/en\/wp-json\/wp\/v2\/types\/page"}],"author":[{"embeddable":true,"href":"https:\/\/www.grupoplantar.com.br\/en\/wp-json\/wp\/v2\/users\/3"}],"replies":[{"embeddable":true,"href":"https:\/\/www.grupoplantar.com.br\/en\/wp-json\/wp\/v2\/comments?post=10310"}],"version-history":[{"count":23,"href":"https:\/\/www.grupoplantar.com.br\/en\/wp-json\/wp\/v2\/pages\/10310\/revisions"}],"predecessor-version":[{"id":12283,"href":"https:\/\/www.grupoplantar.com.br\/en\/wp-json\/wp\/v2\/pages\/10310\/revisions\/12283"}],"up":[{"embeddable":true,"href":"https:\/\/www.grupoplantar.com.br\/en\/wp-json\/wp\/v2\/pages\/9"}],"wp:attachment":[{"href":"https:\/\/www.grupoplantar.com.br\/en\/wp-json\/wp\/v2\/media?parent=10310"}],"curies":[{"name":"wp","href":"https:\/\/api.w.org\/{rel}","templated":true}]}}