{"id":1164,"date":"2013-03-13T19:09:45","date_gmt":"2013-03-13T19:09:45","guid":{"rendered":"http:\/\/www.plantar.com.br\/?page_id=1164?&#038;lang=pt"},"modified":"2013-10-24T13:28:39","modified_gmt":"2013-10-24T13:28:39","slug":"cursos-de-capacitacao","status":"publish","type":"page","link":"https:\/\/www.grupoplantar.com.br\/en\/negocios\/produtos-florestais\/solucoes\/cursos-de-capacitacao\/","title":{"rendered":"Training Courses"},"content":{"rendered":"<p><\/p>\n<h3>Carpenters and Contractors<\/h3>\n<p><img loading=\"lazy\" decoding=\"async\" class=\"alignnone\" style=\"margin-right: 20px; margin-bottom: 20px;\" alt=\"\" src=\"https:\/\/www.grupoplantar.com.br\/wp-content\/uploads\/2012\/11\/curso_capacitacao_carpinteiros.jpg\" width=\"350\" height=\"262\" \/><\/p>\n<p>Montana Qu\u00edmica and Plantar Empreendimentos are engaged in training professionals nationwide using the infrastructure of partner sellers. This is the &#8220;Training Course on Round Wood Structures Assemblage&#8221; using AMARU and Osmocolor. In the three-day course, taught by an architect and an experienced carpenter, workers are presented with various types of timber structures used in construction, such as scissors, single double and sandwich pillars, among others. Participants make apply Osmocolor in three coats and take product samples to practice at home. Furthermore, they are given a calculation table, an important tool for the development of the work taught in the course.<\/p>\n<p>The target audience consists of carpenters and contractors.<\/p>\n<p>For more information please contact us by phone\u00a0(31) 3290-4020<\/p>","protected":false},"excerpt":{"rendered":"<p>Carpenters and Contractors Montana Qu\u00edmica and Plantar Empreendimentos are engaged in training professionals nationwide using the infrastructure of partner sellers. This is the &#8220;Training Course on Round Wood Structures Assemblage&#8221; using AMARU and Osmocolor. In the three-day course, taught by an architect and an experienced carpenter, workers are presented with various types of timber structures [&hellip;]<\/p>\n","protected":false},"author":1,"featured_media":889,"parent":206,"menu_order":9,"comment_status":"open","ping_status":"open","template":"page-negocios.php","meta":{"_acf_changed":false,"footnotes":"","_links_to":"","_links_to_target":""},"class_list":["post-1164","page","type-page","status-publish","has-post-thumbnail","hentry"],"acf":[],"yoast_head":"<!-- This site is optimized with the Yoast SEO plugin v23.7 - https:\/\/yoast.com\/wordpress\/plugins\/seo\/ -->\n<title>Cursos de Capacita\u00e7\u00e3oTraining Courses - Grupo Plantar<\/title>\n<meta name=\"robots\" content=\"index, follow, max-snippet:-1, max-image-preview:large, max-video-preview:-1\" \/>\n<link rel=\"canonical\" href=\"https:\/\/www.grupoplantar.com.br\/negocios\/produtos-florestais\/solucoes\/cursos-de-capacitacao\/\" \/>\n<meta property=\"og:locale\" content=\"en_US\" \/>\n<meta property=\"og:type\" content=\"article\" \/>\n<meta property=\"og:title\" content=\"Cursos de Capacita\u00e7\u00e3oTraining Courses - Grupo Plantar\" \/>\n<meta property=\"og:description\" content=\"Carpenters and Contractors Montana Qu\u00edmica and Plantar Empreendimentos are engaged in training professionals nationwide using the infrastructure of partner sellers. This is the &#8220;Training Course on Round Wood Structures Assemblage&#8221; using AMARU and Osmocolor. In the three-day course, taught by an architect and an experienced carpenter, workers are presented with various types of timber structures [&hellip;]\" \/>\n<meta property=\"og:url\" content=\"https:\/\/www.grupoplantar.com.br\/negocios\/produtos-florestais\/solucoes\/cursos-de-capacitacao\/\" \/>\n<meta property=\"og:site_name\" content=\"Grupo Plantar\" \/>\n<meta property=\"article:modified_time\" content=\"2013-10-24T13:28:39+00:00\" \/>\n<meta property=\"og:image\" content=\"https:\/\/www.grupoplantar.com.br\/wp-content\/uploads\/2012\/11\/img_capa_interna_produtos_florestais1.jpg\" \/>\n\t<meta property=\"og:image:width\" content=\"1250\" \/>\n\t<meta property=\"og:image:height\" content=\"350\" \/>\n\t<meta property=\"og:image:type\" content=\"image\/jpeg\" \/>\n<meta name=\"twitter:card\" content=\"summary_large_image\" \/>\n<meta name=\"twitter:label1\" content=\"Est. reading time\" \/>\n\t<meta name=\"twitter:data1\" content=\"1 minute\" \/>\n<script type=\"application\/ld+json\" class=\"yoast-schema-graph\">{\"@context\":\"https:\/\/schema.org\",\"@graph\":[{\"@type\":\"WebPage\",\"@id\":\"https:\/\/www.grupoplantar.com.br\/negocios\/produtos-florestais\/solucoes\/cursos-de-capacitacao\/\",\"url\":\"https:\/\/www.grupoplantar.com.br\/negocios\/produtos-florestais\/solucoes\/cursos-de-capacitacao\/\",\"name\":\"Cursos de Capacita\u00e7\u00e3oTraining Courses - Grupo Plantar\",\"isPartOf\":{\"@id\":\"https:\/\/www.grupoplantar.com.br\/#website\"},\"primaryImageOfPage\":{\"@id\":\"https:\/\/www.grupoplantar.com.br\/negocios\/produtos-florestais\/solucoes\/cursos-de-capacitacao\/#primaryimage\"},\"image\":{\"@id\":\"https:\/\/www.grupoplantar.com.br\/negocios\/produtos-florestais\/solucoes\/cursos-de-capacitacao\/#primaryimage\"},\"thumbnailUrl\":\"https:\/\/www.grupoplantar.com.br\/wp-content\/uploads\/2012\/11\/img_capa_interna_produtos_florestais1.jpg\",\"datePublished\":\"2013-03-13T19:09:45+00:00\",\"dateModified\":\"2013-10-24T13:28:39+00:00\",\"breadcrumb\":{\"@id\":\"https:\/\/www.grupoplantar.com.br\/negocios\/produtos-florestais\/solucoes\/cursos-de-capacitacao\/#breadcrumb\"},\"inLanguage\":\"en-US\",\"potentialAction\":[{\"@type\":\"ReadAction\",\"target\":[\"https:\/\/www.grupoplantar.com.br\/negocios\/produtos-florestais\/solucoes\/cursos-de-capacitacao\/\"]}]},{\"@type\":\"ImageObject\",\"inLanguage\":\"en-US\",\"@id\":\"https:\/\/www.grupoplantar.com.br\/negocios\/produtos-florestais\/solucoes\/cursos-de-capacitacao\/#primaryimage\",\"url\":\"https:\/\/www.grupoplantar.com.br\/wp-content\/uploads\/2012\/11\/img_capa_interna_produtos_florestais1.jpg\",\"contentUrl\":\"https:\/\/www.grupoplantar.com.br\/wp-content\/uploads\/2012\/11\/img_capa_interna_produtos_florestais1.jpg\",\"width\":1250,\"height\":350},{\"@type\":\"BreadcrumbList\",\"@id\":\"https:\/\/www.grupoplantar.com.br\/negocios\/produtos-florestais\/solucoes\/cursos-de-capacitacao\/#breadcrumb\",\"itemListElement\":[{\"@type\":\"ListItem\",\"position\":1,\"name\":\"Neg\u00f3cios\",\"item\":\"\/negocios\/ativos-florestais\/\"},{\"@type\":\"ListItem\",\"position\":2,\"name\":\"Produtos Florestais (AMARU)\",\"item\":\"https:\/\/www.grupoplantar.com.br\/negocios\/produtos-florestais\/\"},{\"@type\":\"ListItem\",\"position\":3,\"name\":\"Solu\u00e7\u00f5es (Projetos)\",\"item\":\"https:\/\/www.grupoplantar.com.br\/negocios\/produtos-florestais\/solucoes\/\"},{\"@type\":\"ListItem\",\"position\":4,\"name\":\"Cursos de Capacita\u00e7\u00e3o\"}]},{\"@type\":\"WebSite\",\"@id\":\"https:\/\/www.grupoplantar.com.br\/#website\",\"url\":\"https:\/\/www.grupoplantar.com.br\/\",\"name\":\"Grupo Plantar\",\"description\":\"\u00c1rvores por um mundo melhor.\",\"publisher\":{\"@id\":\"https:\/\/www.grupoplantar.com.br\/#organization\"},\"potentialAction\":[{\"@type\":\"SearchAction\",\"target\":{\"@type\":\"EntryPoint\",\"urlTemplate\":\"https:\/\/www.grupoplantar.com.br\/?s={search_term_string}\"},\"query-input\":{\"@type\":\"PropertyValueSpecification\",\"valueRequired\":true,\"valueName\":\"search_term_string\"}}],\"inLanguage\":\"en-US\"},{\"@type\":\"Organization\",\"@id\":\"https:\/\/www.grupoplantar.com.br\/#organization\",\"name\":\"Grupo Plantar\",\"url\":\"https:\/\/www.grupoplantar.com.br\/\",\"logo\":{\"@type\":\"ImageObject\",\"inLanguage\":\"en-US\",\"@id\":\"https:\/\/www.grupoplantar.com.br\/#\/schema\/logo\/image\/\",\"url\":\"https:\/\/www.grupoplantar.com.br\/wp-content\/uploads\/logo-plantar1.png\",\"contentUrl\":\"https:\/\/www.grupoplantar.com.br\/wp-content\/uploads\/logo-plantar1.png\",\"width\":128,\"height\":126,\"caption\":\"Grupo Plantar\"},\"image\":{\"@id\":\"https:\/\/www.grupoplantar.com.br\/#\/schema\/logo\/image\/\"}}]}<\/script>\n<!-- \/ Yoast SEO plugin. -->","yoast_head_json":{"title":"Cursos de Capacita\u00e7\u00e3oTraining Courses - Grupo Plantar","robots":{"index":"index","follow":"follow","max-snippet":"max-snippet:-1","max-image-preview":"max-image-preview:large","max-video-preview":"max-video-preview:-1"},"canonical":"https:\/\/www.grupoplantar.com.br\/negocios\/produtos-florestais\/solucoes\/cursos-de-capacitacao\/","og_locale":"en_US","og_type":"article","og_title":"Cursos de Capacita\u00e7\u00e3oTraining Courses - Grupo Plantar","og_description":"Carpenters and Contractors Montana Qu\u00edmica and Plantar Empreendimentos are engaged in training professionals nationwide using the infrastructure of partner sellers. This is the &#8220;Training Course on Round Wood Structures Assemblage&#8221; using AMARU and Osmocolor. In the three-day course, taught by an architect and an experienced carpenter, workers are presented with various types of timber structures [&hellip;]","og_url":"https:\/\/www.grupoplantar.com.br\/negocios\/produtos-florestais\/solucoes\/cursos-de-capacitacao\/","og_site_name":"Grupo Plantar","article_modified_time":"2013-10-24T13:28:39+00:00","og_image":[{"width":1250,"height":350,"url":"https:\/\/www.grupoplantar.com.br\/wp-content\/uploads\/2012\/11\/img_capa_interna_produtos_florestais1.jpg","type":"image\/jpeg"}],"twitter_card":"summary_large_image","twitter_misc":{"Est. reading time":"1 minute"},"schema":{"@context":"https:\/\/schema.org","@graph":[{"@type":"WebPage","@id":"https:\/\/www.grupoplantar.com.br\/negocios\/produtos-florestais\/solucoes\/cursos-de-capacitacao\/","url":"https:\/\/www.grupoplantar.com.br\/negocios\/produtos-florestais\/solucoes\/cursos-de-capacitacao\/","name":"Cursos de Capacita\u00e7\u00e3oTraining Courses - Grupo Plantar","isPartOf":{"@id":"https:\/\/www.grupoplantar.com.br\/#website"},"primaryImageOfPage":{"@id":"https:\/\/www.grupoplantar.com.br\/negocios\/produtos-florestais\/solucoes\/cursos-de-capacitacao\/#primaryimage"},"image":{"@id":"https:\/\/www.grupoplantar.com.br\/negocios\/produtos-florestais\/solucoes\/cursos-de-capacitacao\/#primaryimage"},"thumbnailUrl":"https:\/\/www.grupoplantar.com.br\/wp-content\/uploads\/2012\/11\/img_capa_interna_produtos_florestais1.jpg","datePublished":"2013-03-13T19:09:45+00:00","dateModified":"2013-10-24T13:28:39+00:00","breadcrumb":{"@id":"https:\/\/www.grupoplantar.com.br\/negocios\/produtos-florestais\/solucoes\/cursos-de-capacitacao\/#breadcrumb"},"inLanguage":"en-US","potentialAction":[{"@type":"ReadAction","target":["https:\/\/www.grupoplantar.com.br\/negocios\/produtos-florestais\/solucoes\/cursos-de-capacitacao\/"]}]},{"@type":"ImageObject","inLanguage":"en-US","@id":"https:\/\/www.grupoplantar.com.br\/negocios\/produtos-florestais\/solucoes\/cursos-de-capacitacao\/#primaryimage","url":"https:\/\/www.grupoplantar.com.br\/wp-content\/uploads\/2012\/11\/img_capa_interna_produtos_florestais1.jpg","contentUrl":"https:\/\/www.grupoplantar.com.br\/wp-content\/uploads\/2012\/11\/img_capa_interna_produtos_florestais1.jpg","width":1250,"height":350},{"@type":"BreadcrumbList","@id":"https:\/\/www.grupoplantar.com.br\/negocios\/produtos-florestais\/solucoes\/cursos-de-capacitacao\/#breadcrumb","itemListElement":[{"@type":"ListItem","position":1,"name":"Neg\u00f3cios","item":"\/negocios\/ativos-florestais\/"},{"@type":"ListItem","position":2,"name":"Produtos Florestais (AMARU)","item":"https:\/\/www.grupoplantar.com.br\/negocios\/produtos-florestais\/"},{"@type":"ListItem","position":3,"name":"Solu\u00e7\u00f5es (Projetos)","item":"https:\/\/www.grupoplantar.com.br\/negocios\/produtos-florestais\/solucoes\/"},{"@type":"ListItem","position":4,"name":"Cursos de Capacita\u00e7\u00e3o"}]},{"@type":"WebSite","@id":"https:\/\/www.grupoplantar.com.br\/#website","url":"https:\/\/www.grupoplantar.com.br\/","name":"Grupo Plantar","description":"\u00c1rvores por um mundo melhor.","publisher":{"@id":"https:\/\/www.grupoplantar.com.br\/#organization"},"potentialAction":[{"@type":"SearchAction","target":{"@type":"EntryPoint","urlTemplate":"https:\/\/www.grupoplantar.com.br\/?s={search_term_string}"},"query-input":{"@type":"PropertyValueSpecification","valueRequired":true,"valueName":"search_term_string"}}],"inLanguage":"en-US"},{"@type":"Organization","@id":"https:\/\/www.grupoplantar.com.br\/#organization","name":"Grupo Plantar","url":"https:\/\/www.grupoplantar.com.br\/","logo":{"@type":"ImageObject","inLanguage":"en-US","@id":"https:\/\/www.grupoplantar.com.br\/#\/schema\/logo\/image\/","url":"https:\/\/www.grupoplantar.com.br\/wp-content\/uploads\/logo-plantar1.png","contentUrl":"https:\/\/www.grupoplantar.com.br\/wp-content\/uploads\/logo-plantar1.png","width":128,"height":126,"caption":"Grupo Plantar"},"image":{"@id":"https:\/\/www.grupoplantar.com.br\/#\/schema\/logo\/image\/"}}]}},"_links":{"self":[{"href":"https:\/\/www.grupoplantar.com.br\/en\/wp-json\/wp\/v2\/pages\/1164"}],"collection":[{"href":"https:\/\/www.grupoplantar.com.br\/en\/wp-json\/wp\/v2\/pages"}],"about":[{"href":"https:\/\/www.grupoplantar.com.br\/en\/wp-json\/wp\/v2\/types\/page"}],"author":[{"embeddable":true,"href":"https:\/\/www.grupoplantar.com.br\/en\/wp-json\/wp\/v2\/users\/1"}],"replies":[{"embeddable":true,"href":"https:\/\/www.grupoplantar.com.br\/en\/wp-json\/wp\/v2\/comments?post=1164"}],"version-history":[{"count":6,"href":"https:\/\/www.grupoplantar.com.br\/en\/wp-json\/wp\/v2\/pages\/1164\/revisions"}],"predecessor-version":[{"id":1477,"href":"https:\/\/www.grupoplantar.com.br\/en\/wp-json\/wp\/v2\/pages\/1164\/revisions\/1477"}],"up":[{"embeddable":true,"href":"https:\/\/www.grupoplantar.com.br\/en\/wp-json\/wp\/v2\/pages\/206"}],"wp:featuredmedia":[{"embeddable":true,"href":"https:\/\/www.grupoplantar.com.br\/en\/wp-json\/wp\/v2\/media\/889"}],"wp:attachment":[{"href":"https:\/\/www.grupoplantar.com.br\/en\/wp-json\/wp\/v2\/media?parent=1164"}],"curies":[{"name":"wp","href":"https:\/\/api.w.org\/{rel}","templated":true}]}}