{"id":137,"date":"2012-11-20T12:55:55","date_gmt":"2012-11-20T12:55:55","guid":{"rendered":"http:\/\/www.plantar.com.br\/?page_id=137"},"modified":"2013-06-21T19:25:40","modified_gmt":"2013-06-21T19:25:40","slug":"saude-e-seguranca","status":"publish","type":"page","link":"https:\/\/www.grupoplantar.com.br\/en\/gestao-de-pessoas\/saude-e-seguranca\/","title":{"rendered":"Health and Safety"},"content":{"rendered":"<p>Plantar values \u200b\u200band respects its employees. Therefore, it develops its activities seeking to preserve everyone\u00b4s health and safety, offering the best possible working conditions, protective equipment and training. These actions also preserve the health and safety of other stakeholders, who have direct contact with our activities and operations, such as contractors\u00b4 and visitors.<\/p>\n<p>To achieve this goal, Plantar developed the Sistema de Gest\u00e3o de Seguran\u00e7a e Sa\u00fade Ocupacional \u2013 SGSSO \u00a0(Safety and Occupational Health Management System \u2013 SOHMS), recognizing that this is the set of best practices, which can also contribute to be the reference regarding Work Safety and Occupational Health issues. Plantar has already been recognized as a reference in other activities of its areas , such as efficiency and competence in reforestation activities, developing seedlings, carbonization operation in rectangular kilns and special pig iron production.<\/p>","protected":false},"excerpt":{"rendered":"<p>Plantar values \u200b\u200band respects its employees. Therefore, it develops its activities seeking to preserve everyone\u00b4s health and safety, offering the best possible working conditions, protective equipment and training. These actions also preserve the health and safety of other stakeholders, who have direct contact with our activities and operations, such as contractors\u00b4 and visitors. To achieve [&hellip;]<\/p>\n","protected":false},"author":1,"featured_media":1362,"parent":9,"menu_order":1,"comment_status":"open","ping_status":"closed","template":"page-gestao-pessoas.php","meta":{"_acf_changed":false,"footnotes":"","_links_to":"","_links_to_target":""},"class_list":["post-137","page","type-page","status-publish","has-post-thumbnail","hentry"],"acf":[],"yoast_head":"<!-- This site is optimized with the Yoast SEO plugin v23.7 - https:\/\/yoast.com\/wordpress\/plugins\/seo\/ -->\n<title>Sa\u00fade e Seguran\u00e7aHealth and Safety - Grupo Plantar<\/title>\n<meta name=\"robots\" content=\"index, follow, max-snippet:-1, max-image-preview:large, max-video-preview:-1\" \/>\n<link rel=\"canonical\" href=\"https:\/\/www.grupoplantar.com.br\/en\/gestao-de-pessoas\/saude-e-seguranca\/\" \/>\n<meta property=\"og:locale\" content=\"en_US\" \/>\n<meta property=\"og:type\" content=\"article\" \/>\n<meta property=\"og:title\" content=\"Sa\u00fade e Seguran\u00e7aHealth and Safety - Grupo Plantar\" \/>\n<meta property=\"og:description\" content=\"Plantar values \u200b\u200band respects its employees. Therefore, it develops its activities seeking to preserve everyone\u00b4s health and safety, offering the best possible working conditions, protective equipment and training. These actions also preserve the health and safety of other stakeholders, who have direct contact with our activities and operations, such as contractors\u00b4 and visitors. To achieve [&hellip;]\" \/>\n<meta property=\"og:url\" content=\"https:\/\/www.grupoplantar.com.br\/en\/gestao-de-pessoas\/saude-e-seguranca\/\" \/>\n<meta property=\"og:site_name\" content=\"Grupo Plantar\" \/>\n<meta property=\"article:modified_time\" content=\"2013-06-21T19:25:40+00:00\" \/>\n<meta property=\"og:image\" content=\"https:\/\/www.grupoplantar.com.br\/wp-content\/uploads\/saude_seguranca.jpg\" \/>\n\t<meta property=\"og:image:width\" content=\"1\" \/>\n\t<meta property=\"og:image:height\" content=\"1\" \/>\n\t<meta property=\"og:image:type\" content=\"image\/jpeg\" \/>\n<meta name=\"twitter:card\" content=\"summary_large_image\" \/>\n<meta name=\"twitter:label1\" content=\"Est. reading time\" \/>\n\t<meta name=\"twitter:data1\" content=\"2 minutes\" \/>\n<script type=\"application\/ld+json\" class=\"yoast-schema-graph\">{\"@context\":\"https:\/\/schema.org\",\"@graph\":[{\"@type\":\"WebPage\",\"@id\":\"https:\/\/www.grupoplantar.com.br\/en\/gestao-de-pessoas\/saude-e-seguranca\/\",\"url\":\"https:\/\/www.grupoplantar.com.br\/en\/gestao-de-pessoas\/saude-e-seguranca\/\",\"name\":\"Sa\u00fade e Seguran\u00e7aHealth and Safety - Grupo Plantar\",\"isPartOf\":{\"@id\":\"https:\/\/www.grupoplantar.com.br\/#website\"},\"primaryImageOfPage\":{\"@id\":\"https:\/\/www.grupoplantar.com.br\/en\/gestao-de-pessoas\/saude-e-seguranca\/#primaryimage\"},\"image\":{\"@id\":\"https:\/\/www.grupoplantar.com.br\/en\/gestao-de-pessoas\/saude-e-seguranca\/#primaryimage\"},\"thumbnailUrl\":\"https:\/\/www.grupoplantar.com.br\/wp-content\/uploads\/saude_seguranca.jpg\",\"datePublished\":\"2012-11-20T12:55:55+00:00\",\"dateModified\":\"2013-06-21T19:25:40+00:00\",\"breadcrumb\":{\"@id\":\"https:\/\/www.grupoplantar.com.br\/en\/gestao-de-pessoas\/saude-e-seguranca\/#breadcrumb\"},\"inLanguage\":\"en-US\",\"potentialAction\":[{\"@type\":\"ReadAction\",\"target\":[\"https:\/\/www.grupoplantar.com.br\/en\/gestao-de-pessoas\/saude-e-seguranca\/\"]}]},{\"@type\":\"ImageObject\",\"inLanguage\":\"en-US\",\"@id\":\"https:\/\/www.grupoplantar.com.br\/en\/gestao-de-pessoas\/saude-e-seguranca\/#primaryimage\",\"url\":\"https:\/\/www.grupoplantar.com.br\/wp-content\/uploads\/saude_seguranca.jpg\",\"contentUrl\":\"https:\/\/www.grupoplantar.com.br\/wp-content\/uploads\/saude_seguranca.jpg\"},{\"@type\":\"BreadcrumbList\",\"@id\":\"https:\/\/www.grupoplantar.com.br\/en\/gestao-de-pessoas\/saude-e-seguranca\/#breadcrumb\",\"itemListElement\":[{\"@type\":\"ListItem\",\"position\":1,\"name\":\"Human Resources\",\"item\":\"\/gestao-de-pessoas\/desenvolvimento-e-capacitacao\/\"},{\"@type\":\"ListItem\",\"position\":2,\"name\":\"Health and Safety\"}]},{\"@type\":\"WebSite\",\"@id\":\"https:\/\/www.grupoplantar.com.br\/#website\",\"url\":\"https:\/\/www.grupoplantar.com.br\/\",\"name\":\"Grupo Plantar\",\"description\":\"\u00c1rvores por um mundo melhor.\",\"publisher\":{\"@id\":\"https:\/\/www.grupoplantar.com.br\/#organization\"},\"potentialAction\":[{\"@type\":\"SearchAction\",\"target\":{\"@type\":\"EntryPoint\",\"urlTemplate\":\"https:\/\/www.grupoplantar.com.br\/?s={search_term_string}\"},\"query-input\":{\"@type\":\"PropertyValueSpecification\",\"valueRequired\":true,\"valueName\":\"search_term_string\"}}],\"inLanguage\":\"en-US\"},{\"@type\":\"Organization\",\"@id\":\"https:\/\/www.grupoplantar.com.br\/#organization\",\"name\":\"Grupo Plantar\",\"url\":\"https:\/\/www.grupoplantar.com.br\/\",\"logo\":{\"@type\":\"ImageObject\",\"inLanguage\":\"en-US\",\"@id\":\"https:\/\/www.grupoplantar.com.br\/#\/schema\/logo\/image\/\",\"url\":\"https:\/\/www.grupoplantar.com.br\/wp-content\/uploads\/logo-plantar1.png\",\"contentUrl\":\"https:\/\/www.grupoplantar.com.br\/wp-content\/uploads\/logo-plantar1.png\",\"width\":128,\"height\":126,\"caption\":\"Grupo Plantar\"},\"image\":{\"@id\":\"https:\/\/www.grupoplantar.com.br\/#\/schema\/logo\/image\/\"}}]}<\/script>\n<!-- \/ Yoast SEO plugin. -->","yoast_head_json":{"title":"Sa\u00fade e Seguran\u00e7aHealth and Safety - Grupo Plantar","robots":{"index":"index","follow":"follow","max-snippet":"max-snippet:-1","max-image-preview":"max-image-preview:large","max-video-preview":"max-video-preview:-1"},"canonical":"https:\/\/www.grupoplantar.com.br\/en\/gestao-de-pessoas\/saude-e-seguranca\/","og_locale":"en_US","og_type":"article","og_title":"Sa\u00fade e Seguran\u00e7aHealth and Safety - Grupo Plantar","og_description":"Plantar values \u200b\u200band respects its employees. Therefore, it develops its activities seeking to preserve everyone\u00b4s health and safety, offering the best possible working conditions, protective equipment and training. These actions also preserve the health and safety of other stakeholders, who have direct contact with our activities and operations, such as contractors\u00b4 and visitors. To achieve [&hellip;]","og_url":"https:\/\/www.grupoplantar.com.br\/en\/gestao-de-pessoas\/saude-e-seguranca\/","og_site_name":"Grupo Plantar","article_modified_time":"2013-06-21T19:25:40+00:00","og_image":[{"url":"https:\/\/www.grupoplantar.com.br\/wp-content\/uploads\/saude_seguranca.jpg","width":1,"height":1,"type":"image\/jpeg"}],"twitter_card":"summary_large_image","twitter_misc":{"Est. reading time":"2 minutes"},"schema":{"@context":"https:\/\/schema.org","@graph":[{"@type":"WebPage","@id":"https:\/\/www.grupoplantar.com.br\/en\/gestao-de-pessoas\/saude-e-seguranca\/","url":"https:\/\/www.grupoplantar.com.br\/en\/gestao-de-pessoas\/saude-e-seguranca\/","name":"Sa\u00fade e Seguran\u00e7aHealth and Safety - Grupo Plantar","isPartOf":{"@id":"https:\/\/www.grupoplantar.com.br\/#website"},"primaryImageOfPage":{"@id":"https:\/\/www.grupoplantar.com.br\/en\/gestao-de-pessoas\/saude-e-seguranca\/#primaryimage"},"image":{"@id":"https:\/\/www.grupoplantar.com.br\/en\/gestao-de-pessoas\/saude-e-seguranca\/#primaryimage"},"thumbnailUrl":"https:\/\/www.grupoplantar.com.br\/wp-content\/uploads\/saude_seguranca.jpg","datePublished":"2012-11-20T12:55:55+00:00","dateModified":"2013-06-21T19:25:40+00:00","breadcrumb":{"@id":"https:\/\/www.grupoplantar.com.br\/en\/gestao-de-pessoas\/saude-e-seguranca\/#breadcrumb"},"inLanguage":"en-US","potentialAction":[{"@type":"ReadAction","target":["https:\/\/www.grupoplantar.com.br\/en\/gestao-de-pessoas\/saude-e-seguranca\/"]}]},{"@type":"ImageObject","inLanguage":"en-US","@id":"https:\/\/www.grupoplantar.com.br\/en\/gestao-de-pessoas\/saude-e-seguranca\/#primaryimage","url":"https:\/\/www.grupoplantar.com.br\/wp-content\/uploads\/saude_seguranca.jpg","contentUrl":"https:\/\/www.grupoplantar.com.br\/wp-content\/uploads\/saude_seguranca.jpg"},{"@type":"BreadcrumbList","@id":"https:\/\/www.grupoplantar.com.br\/en\/gestao-de-pessoas\/saude-e-seguranca\/#breadcrumb","itemListElement":[{"@type":"ListItem","position":1,"name":"Human Resources","item":"\/gestao-de-pessoas\/desenvolvimento-e-capacitacao\/"},{"@type":"ListItem","position":2,"name":"Health and Safety"}]},{"@type":"WebSite","@id":"https:\/\/www.grupoplantar.com.br\/#website","url":"https:\/\/www.grupoplantar.com.br\/","name":"Grupo Plantar","description":"\u00c1rvores por um mundo melhor.","publisher":{"@id":"https:\/\/www.grupoplantar.com.br\/#organization"},"potentialAction":[{"@type":"SearchAction","target":{"@type":"EntryPoint","urlTemplate":"https:\/\/www.grupoplantar.com.br\/?s={search_term_string}"},"query-input":{"@type":"PropertyValueSpecification","valueRequired":true,"valueName":"search_term_string"}}],"inLanguage":"en-US"},{"@type":"Organization","@id":"https:\/\/www.grupoplantar.com.br\/#organization","name":"Grupo Plantar","url":"https:\/\/www.grupoplantar.com.br\/","logo":{"@type":"ImageObject","inLanguage":"en-US","@id":"https:\/\/www.grupoplantar.com.br\/#\/schema\/logo\/image\/","url":"https:\/\/www.grupoplantar.com.br\/wp-content\/uploads\/logo-plantar1.png","contentUrl":"https:\/\/www.grupoplantar.com.br\/wp-content\/uploads\/logo-plantar1.png","width":128,"height":126,"caption":"Grupo Plantar"},"image":{"@id":"https:\/\/www.grupoplantar.com.br\/#\/schema\/logo\/image\/"}}]}},"_links":{"self":[{"href":"https:\/\/www.grupoplantar.com.br\/en\/wp-json\/wp\/v2\/pages\/137"}],"collection":[{"href":"https:\/\/www.grupoplantar.com.br\/en\/wp-json\/wp\/v2\/pages"}],"about":[{"href":"https:\/\/www.grupoplantar.com.br\/en\/wp-json\/wp\/v2\/types\/page"}],"author":[{"embeddable":true,"href":"https:\/\/www.grupoplantar.com.br\/en\/wp-json\/wp\/v2\/users\/1"}],"replies":[{"embeddable":true,"href":"https:\/\/www.grupoplantar.com.br\/en\/wp-json\/wp\/v2\/comments?post=137"}],"version-history":[{"count":13,"href":"https:\/\/www.grupoplantar.com.br\/en\/wp-json\/wp\/v2\/pages\/137\/revisions"}],"predecessor-version":[{"id":1364,"href":"https:\/\/www.grupoplantar.com.br\/en\/wp-json\/wp\/v2\/pages\/137\/revisions\/1364"}],"up":[{"embeddable":true,"href":"https:\/\/www.grupoplantar.com.br\/en\/wp-json\/wp\/v2\/pages\/9"}],"wp:featuredmedia":[{"embeddable":true,"href":"https:\/\/www.grupoplantar.com.br\/en\/wp-json\/wp\/v2\/media\/1362"}],"wp:attachment":[{"href":"https:\/\/www.grupoplantar.com.br\/en\/wp-json\/wp\/v2\/media?parent=137"}],"curies":[{"name":"wp","href":"https:\/\/api.w.org\/{rel}","templated":true}]}}