{"id":152,"date":"2012-11-20T13:38:37","date_gmt":"2012-11-20T13:38:37","guid":{"rendered":"http:\/\/www.plantar.com.br\/?page_id=152"},"modified":"2019-03-27T18:50:29","modified_gmt":"2019-03-27T18:50:29","slug":"clientes","status":"publish","type":"page","link":"https:\/\/www.grupoplantar.com.br\/en\/institucional\/clientes\/","title":{"rendered":"Clients"},"content":{"rendered":"<p><b>Forestry Services<\/b><\/p>\n<p>Plantar provides services to several companies in \u00a0sectors, such as, pulp and paper, iron and steel, energy, pencil and wood paneling in the States of Bahia, Esp\u00edrito Santo, Minas Gerais, Paran\u00e1, Maranh\u00e3o and Mato Grosso do Sul<\/p>\n<p><strong>Seedlings<\/strong><\/p>\n<p>Centro Norte produces and sells seedlings to several companies in the pulp and paper, iron and steel, energy, pencil, wood paneling sectors and independent producers in the states of Bahia, Espirito Santo, Minas Gerais, Paran\u00e1, Maranh\u00e3o and Mato Grosso do Sul<\/p>\n<p><strong>Consultancy on Climate Change and Sustainability<\/strong><\/p>\n<p>Medium and large companies, multilateral institutions, research institutions, government and civil society partners.<\/p>","protected":false},"excerpt":{"rendered":"<p>Forestry Services Plantar provides services to several companies in \u00a0sectors, such as, pulp and paper, iron and steel, energy, pencil and wood paneling in the States of Bahia, Esp\u00edrito Santo, Minas Gerais, Paran\u00e1, Maranh\u00e3o and Mato Grosso do Sul Seedlings Centro Norte produces and sells seedlings to several companies in the pulp and paper, iron [&hellip;]<\/p>\n","protected":false},"author":1,"featured_media":1324,"parent":5,"menu_order":2,"comment_status":"closed","ping_status":"closed","template":"page-institucional.php","meta":{"_acf_changed":false,"footnotes":"","_links_to":"","_links_to_target":""},"class_list":["post-152","page","type-page","status-publish","has-post-thumbnail","hentry"],"acf":[],"yoast_head":"<!-- This site is optimized with the Yoast SEO plugin v23.7 - https:\/\/yoast.com\/wordpress\/plugins\/seo\/ -->\n<title>Clients - Grupo Plantar<\/title>\n<meta name=\"robots\" content=\"index, follow, max-snippet:-1, max-image-preview:large, max-video-preview:-1\" \/>\n<link rel=\"canonical\" href=\"https:\/\/www.grupoplantar.com.br\/institucional\/clientes\/\" \/>\n<meta property=\"og:locale\" content=\"en_US\" \/>\n<meta property=\"og:type\" content=\"article\" \/>\n<meta property=\"og:title\" content=\"[:pt]Clientes[:en]Clients[:] - Grupo Plantar\" \/>\n<meta property=\"og:description\" content=\"Forestry Services Plantar provides services to several companies in \u00a0sectors, such as, pulp and paper, iron and steel, energy, pencil and wood paneling in the States of Bahia, Esp\u00edrito Santo, Minas Gerais, Paran\u00e1, Maranh\u00e3o and Mato Grosso do Sul Seedlings Centro Norte produces and sells seedlings to several companies in the pulp and paper, iron [&hellip;]\" \/>\n<meta property=\"og:url\" content=\"https:\/\/www.grupoplantar.com.br\/institucional\/clientes\/\" \/>\n<meta property=\"og:site_name\" content=\"Grupo Plantar\" \/>\n<meta property=\"article:modified_time\" content=\"2019-03-27T18:50:29+00:00\" \/>\n<meta property=\"og:image\" content=\"https:\/\/www.grupoplantar.com.br\/wp-content\/uploads\/clientes.jpg\" \/>\n\t<meta property=\"og:image:width\" content=\"1\" \/>\n\t<meta property=\"og:image:height\" content=\"1\" \/>\n\t<meta property=\"og:image:type\" content=\"image\/jpeg\" \/>\n<meta name=\"twitter:card\" content=\"summary_large_image\" \/>\n<meta name=\"twitter:label1\" content=\"Est. reading time\" \/>\n\t<meta name=\"twitter:data1\" content=\"1 minute\" \/>\n<script type=\"application\/ld+json\" class=\"yoast-schema-graph\">{\"@context\":\"https:\/\/schema.org\",\"@graph\":[{\"@type\":\"WebPage\",\"@id\":\"https:\/\/www.grupoplantar.com.br\/institucional\/clientes\/\",\"url\":\"https:\/\/www.grupoplantar.com.br\/institucional\/clientes\/\",\"name\":\"[:pt]Clientes[:en]Clients[:] - Grupo Plantar\",\"isPartOf\":{\"@id\":\"https:\/\/www.grupoplantar.com.br\/#website\"},\"primaryImageOfPage\":{\"@id\":\"https:\/\/www.grupoplantar.com.br\/institucional\/clientes\/#primaryimage\"},\"image\":{\"@id\":\"https:\/\/www.grupoplantar.com.br\/institucional\/clientes\/#primaryimage\"},\"thumbnailUrl\":\"https:\/\/www.grupoplantar.com.br\/wp-content\/uploads\/clientes.jpg\",\"datePublished\":\"2012-11-20T13:38:37+00:00\",\"dateModified\":\"2019-03-27T18:50:29+00:00\",\"breadcrumb\":{\"@id\":\"https:\/\/www.grupoplantar.com.br\/institucional\/clientes\/#breadcrumb\"},\"inLanguage\":\"en-US\",\"potentialAction\":[{\"@type\":\"ReadAction\",\"target\":[\"https:\/\/www.grupoplantar.com.br\/institucional\/clientes\/\"]}]},{\"@type\":\"ImageObject\",\"inLanguage\":\"en-US\",\"@id\":\"https:\/\/www.grupoplantar.com.br\/institucional\/clientes\/#primaryimage\",\"url\":\"https:\/\/www.grupoplantar.com.br\/wp-content\/uploads\/clientes.jpg\",\"contentUrl\":\"https:\/\/www.grupoplantar.com.br\/wp-content\/uploads\/clientes.jpg\"},{\"@type\":\"BreadcrumbList\",\"@id\":\"https:\/\/www.grupoplantar.com.br\/institucional\/clientes\/#breadcrumb\",\"itemListElement\":[{\"@type\":\"ListItem\",\"position\":1,\"name\":\"Institucional\",\"item\":\"\/institucional\/nossa-historia\/\"},{\"@type\":\"ListItem\",\"position\":2,\"name\":\"Clientes\"}]},{\"@type\":\"WebSite\",\"@id\":\"https:\/\/www.grupoplantar.com.br\/#website\",\"url\":\"https:\/\/www.grupoplantar.com.br\/\",\"name\":\"Grupo Plantar\",\"description\":\"\u00c1rvores por um mundo melhor.\",\"publisher\":{\"@id\":\"https:\/\/www.grupoplantar.com.br\/#organization\"},\"potentialAction\":[{\"@type\":\"SearchAction\",\"target\":{\"@type\":\"EntryPoint\",\"urlTemplate\":\"https:\/\/www.grupoplantar.com.br\/?s={search_term_string}\"},\"query-input\":{\"@type\":\"PropertyValueSpecification\",\"valueRequired\":true,\"valueName\":\"search_term_string\"}}],\"inLanguage\":\"en-US\"},{\"@type\":\"Organization\",\"@id\":\"https:\/\/www.grupoplantar.com.br\/#organization\",\"name\":\"Grupo Plantar\",\"url\":\"https:\/\/www.grupoplantar.com.br\/\",\"logo\":{\"@type\":\"ImageObject\",\"inLanguage\":\"en-US\",\"@id\":\"https:\/\/www.grupoplantar.com.br\/#\/schema\/logo\/image\/\",\"url\":\"https:\/\/www.grupoplantar.com.br\/wp-content\/uploads\/logo-plantar1.png\",\"contentUrl\":\"https:\/\/www.grupoplantar.com.br\/wp-content\/uploads\/logo-plantar1.png\",\"width\":128,\"height\":126,\"caption\":\"Grupo Plantar\"},\"image\":{\"@id\":\"https:\/\/www.grupoplantar.com.br\/#\/schema\/logo\/image\/\"}}]}<\/script>\n<!-- \/ Yoast SEO plugin. -->","yoast_head_json":{"title":"[:pt]Clientes[:en]Clients[:] - Grupo Plantar","robots":{"index":"index","follow":"follow","max-snippet":"max-snippet:-1","max-image-preview":"max-image-preview:large","max-video-preview":"max-video-preview:-1"},"canonical":"https:\/\/www.grupoplantar.com.br\/institucional\/clientes\/","og_locale":"en_US","og_type":"article","og_title":"[:pt]Clientes[:en]Clients[:] - Grupo Plantar","og_description":"Forestry Services Plantar provides services to several companies in \u00a0sectors, such as, pulp and paper, iron and steel, energy, pencil and wood paneling in the States of Bahia, Esp\u00edrito Santo, Minas Gerais, Paran\u00e1, Maranh\u00e3o and Mato Grosso do Sul Seedlings Centro Norte produces and sells seedlings to several companies in the pulp and paper, iron [&hellip;]","og_url":"https:\/\/www.grupoplantar.com.br\/institucional\/clientes\/","og_site_name":"Grupo Plantar","article_modified_time":"2019-03-27T18:50:29+00:00","og_image":[{"url":"https:\/\/www.grupoplantar.com.br\/wp-content\/uploads\/clientes.jpg","width":1,"height":1,"type":"image\/jpeg"}],"twitter_card":"summary_large_image","twitter_misc":{"Est. reading time":"1 minute"},"schema":{"@context":"https:\/\/schema.org","@graph":[{"@type":"WebPage","@id":"https:\/\/www.grupoplantar.com.br\/institucional\/clientes\/","url":"https:\/\/www.grupoplantar.com.br\/institucional\/clientes\/","name":"[:pt]Clientes[:en]Clients[:] - Grupo Plantar","isPartOf":{"@id":"https:\/\/www.grupoplantar.com.br\/#website"},"primaryImageOfPage":{"@id":"https:\/\/www.grupoplantar.com.br\/institucional\/clientes\/#primaryimage"},"image":{"@id":"https:\/\/www.grupoplantar.com.br\/institucional\/clientes\/#primaryimage"},"thumbnailUrl":"https:\/\/www.grupoplantar.com.br\/wp-content\/uploads\/clientes.jpg","datePublished":"2012-11-20T13:38:37+00:00","dateModified":"2019-03-27T18:50:29+00:00","breadcrumb":{"@id":"https:\/\/www.grupoplantar.com.br\/institucional\/clientes\/#breadcrumb"},"inLanguage":"en-US","potentialAction":[{"@type":"ReadAction","target":["https:\/\/www.grupoplantar.com.br\/institucional\/clientes\/"]}]},{"@type":"ImageObject","inLanguage":"en-US","@id":"https:\/\/www.grupoplantar.com.br\/institucional\/clientes\/#primaryimage","url":"https:\/\/www.grupoplantar.com.br\/wp-content\/uploads\/clientes.jpg","contentUrl":"https:\/\/www.grupoplantar.com.br\/wp-content\/uploads\/clientes.jpg"},{"@type":"BreadcrumbList","@id":"https:\/\/www.grupoplantar.com.br\/institucional\/clientes\/#breadcrumb","itemListElement":[{"@type":"ListItem","position":1,"name":"Institucional","item":"\/institucional\/nossa-historia\/"},{"@type":"ListItem","position":2,"name":"Clientes"}]},{"@type":"WebSite","@id":"https:\/\/www.grupoplantar.com.br\/#website","url":"https:\/\/www.grupoplantar.com.br\/","name":"Grupo Plantar","description":"\u00c1rvores por um mundo melhor.","publisher":{"@id":"https:\/\/www.grupoplantar.com.br\/#organization"},"potentialAction":[{"@type":"SearchAction","target":{"@type":"EntryPoint","urlTemplate":"https:\/\/www.grupoplantar.com.br\/?s={search_term_string}"},"query-input":{"@type":"PropertyValueSpecification","valueRequired":true,"valueName":"search_term_string"}}],"inLanguage":"en-US"},{"@type":"Organization","@id":"https:\/\/www.grupoplantar.com.br\/#organization","name":"Grupo Plantar","url":"https:\/\/www.grupoplantar.com.br\/","logo":{"@type":"ImageObject","inLanguage":"en-US","@id":"https:\/\/www.grupoplantar.com.br\/#\/schema\/logo\/image\/","url":"https:\/\/www.grupoplantar.com.br\/wp-content\/uploads\/logo-plantar1.png","contentUrl":"https:\/\/www.grupoplantar.com.br\/wp-content\/uploads\/logo-plantar1.png","width":128,"height":126,"caption":"Grupo Plantar"},"image":{"@id":"https:\/\/www.grupoplantar.com.br\/#\/schema\/logo\/image\/"}}]}},"_links":{"self":[{"href":"https:\/\/www.grupoplantar.com.br\/en\/wp-json\/wp\/v2\/pages\/152"}],"collection":[{"href":"https:\/\/www.grupoplantar.com.br\/en\/wp-json\/wp\/v2\/pages"}],"about":[{"href":"https:\/\/www.grupoplantar.com.br\/en\/wp-json\/wp\/v2\/types\/page"}],"author":[{"embeddable":true,"href":"https:\/\/www.grupoplantar.com.br\/en\/wp-json\/wp\/v2\/users\/1"}],"replies":[{"embeddable":true,"href":"https:\/\/www.grupoplantar.com.br\/en\/wp-json\/wp\/v2\/comments?post=152"}],"version-history":[{"count":22,"href":"https:\/\/www.grupoplantar.com.br\/en\/wp-json\/wp\/v2\/pages\/152\/revisions"}],"predecessor-version":[{"id":1627,"href":"https:\/\/www.grupoplantar.com.br\/en\/wp-json\/wp\/v2\/pages\/152\/revisions\/1627"}],"up":[{"embeddable":true,"href":"https:\/\/www.grupoplantar.com.br\/en\/wp-json\/wp\/v2\/pages\/5"}],"wp:featuredmedia":[{"embeddable":true,"href":"https:\/\/www.grupoplantar.com.br\/en\/wp-json\/wp\/v2\/media\/1324"}],"wp:attachment":[{"href":"https:\/\/www.grupoplantar.com.br\/en\/wp-json\/wp\/v2\/media?parent=152"}],"curies":[{"name":"wp","href":"https:\/\/api.w.org\/{rel}","templated":true}]}}