{"id":178,"date":"2012-11-21T12:23:24","date_gmt":"2012-11-21T12:23:24","guid":{"rendered":"http:\/\/www.plantar.com.br\/?page_id=178"},"modified":"2024-04-15T12:42:48","modified_gmt":"2024-04-15T12:42:48","slug":"consultoria-em-mudancas-do-clima-e-sustentabilidade","status":"publish","type":"page","link":"https:\/\/www.grupoplantar.com.br\/en\/negocios\/consultoria-em-mudancas-do-clima-e-sustentabilidade\/","title":{"rendered":"Consultancy on Climate Change and Sustainability"},"content":{"rendered":"<p>Plantar Carbon Ltda. is the Plantar Group&#8217;s consultancy company for climate change and sustainability, built upon the Group&#8217;s innovative experience in the global carbon market. Our activities started 15 years ago with the development of the first Brazilian carbon credits project under the Clean Development Mechanism of the Kyoto Protocol. Over time, the company has been broadening its scope and it now offers a wide range of <a title=\"\u00c1reas de Atua\u00e7\u00e3o\" href=\"https:\/\/www.grupoplantar.com.br\/negocios\/consultoria-em-mudancas-do-clima-e-sustentabilidade\/areas-de-atuacao\/?&amp;lang=en\">services<\/a> concerning climate change and sustainability.<\/p>\n<p>Our work is based on the evolution of science and on the use of innovative practices capable of creating value and conciliating economic competitiveness and the protection of the Earth&#8217;s climate system. We believe these values are essential for the successful engagement of various organizations in global and local efforts to curb global warming and to promote sustainability.<\/p>","protected":false},"excerpt":{"rendered":"<p>Plantar Carbon Ltda. is the Plantar Group&#8217;s consultancy company for climate change and sustainability, built upon the Group&#8217;s innovative experience in the global carbon market. Our activities started 15 years ago with the development of the first Brazilian carbon credits project under the Clean Development Mechanism of the Kyoto Protocol. Over time, the company has [&hellip;]<\/p>\n","protected":false},"author":1,"featured_media":94,"parent":7,"menu_order":6,"comment_status":"open","ping_status":"closed","template":"page-negocios.php","meta":{"_acf_changed":false,"footnotes":"","_links_to":"","_links_to_target":""},"class_list":["post-178","page","type-page","status-publish","has-post-thumbnail","hentry"],"acf":[],"yoast_head":"<!-- This site is optimized with the Yoast SEO plugin v23.7 - https:\/\/yoast.com\/wordpress\/plugins\/seo\/ -->\n<title>Consultancy on Climate Change and Sustainability - Grupo Plantar<\/title>\n<meta name=\"robots\" content=\"index, follow, max-snippet:-1, max-image-preview:large, max-video-preview:-1\" \/>\n<link rel=\"canonical\" href=\"https:\/\/www.grupoplantar.com.br\/en\/negocios\/consultoria-em-mudancas-do-clima-e-sustentabilidade\/\" \/>\n<meta property=\"og:locale\" content=\"en_US\" \/>\n<meta property=\"og:type\" content=\"article\" \/>\n<meta property=\"og:title\" content=\"[:pt]Consultoria em Mudan\u00e7a do Clima e Sustentabilidade[:en]Consultancy on Climate Change and Sustainability[:] - Grupo Plantar\" \/>\n<meta property=\"og:description\" content=\"Plantar Carbon Ltda. is the Plantar Group&#8217;s consultancy company for climate change and sustainability, built upon the Group&#8217;s innovative experience in the global carbon market. Our activities started 15 years ago with the development of the first Brazilian carbon credits project under the Clean Development Mechanism of the Kyoto Protocol. Over time, the company has [&hellip;]\" \/>\n<meta property=\"og:url\" content=\"https:\/\/www.grupoplantar.com.br\/en\/negocios\/consultoria-em-mudancas-do-clima-e-sustentabilidade\/\" \/>\n<meta property=\"og:site_name\" content=\"Grupo Plantar\" \/>\n<meta property=\"article:modified_time\" content=\"2024-04-15T12:42:48+00:00\" \/>\n<meta property=\"og:image\" content=\"https:\/\/www.grupoplantar.com.br\/wp-content\/uploads\/2012\/10\/img-banner31.jpg\" \/>\n\t<meta property=\"og:image:width\" content=\"1250\" \/>\n\t<meta property=\"og:image:height\" content=\"340\" \/>\n\t<meta property=\"og:image:type\" content=\"image\/jpeg\" \/>\n<meta name=\"twitter:card\" content=\"summary_large_image\" \/>\n<meta name=\"twitter:label1\" content=\"Est. reading time\" \/>\n\t<meta name=\"twitter:data1\" content=\"3 minutes\" \/>\n<script type=\"application\/ld+json\" class=\"yoast-schema-graph\">{\"@context\":\"https:\/\/schema.org\",\"@graph\":[{\"@type\":\"WebPage\",\"@id\":\"https:\/\/www.grupoplantar.com.br\/en\/negocios\/consultoria-em-mudancas-do-clima-e-sustentabilidade\/\",\"url\":\"https:\/\/www.grupoplantar.com.br\/en\/negocios\/consultoria-em-mudancas-do-clima-e-sustentabilidade\/\",\"name\":\"[:pt]Consultoria em Mudan\u00e7a do Clima e Sustentabilidade[:en]Consultancy on Climate Change and Sustainability[:] - Grupo Plantar\",\"isPartOf\":{\"@id\":\"https:\/\/www.grupoplantar.com.br\/#website\"},\"primaryImageOfPage\":{\"@id\":\"https:\/\/www.grupoplantar.com.br\/en\/negocios\/consultoria-em-mudancas-do-clima-e-sustentabilidade\/#primaryimage\"},\"image\":{\"@id\":\"https:\/\/www.grupoplantar.com.br\/en\/negocios\/consultoria-em-mudancas-do-clima-e-sustentabilidade\/#primaryimage\"},\"thumbnailUrl\":\"https:\/\/www.grupoplantar.com.br\/wp-content\/uploads\/2012\/10\/img-banner31.jpg\",\"datePublished\":\"2012-11-21T12:23:24+00:00\",\"dateModified\":\"2024-04-15T12:42:48+00:00\",\"breadcrumb\":{\"@id\":\"https:\/\/www.grupoplantar.com.br\/en\/negocios\/consultoria-em-mudancas-do-clima-e-sustentabilidade\/#breadcrumb\"},\"inLanguage\":\"en-US\",\"potentialAction\":[{\"@type\":\"ReadAction\",\"target\":[\"https:\/\/www.grupoplantar.com.br\/en\/negocios\/consultoria-em-mudancas-do-clima-e-sustentabilidade\/\"]}]},{\"@type\":\"ImageObject\",\"inLanguage\":\"en-US\",\"@id\":\"https:\/\/www.grupoplantar.com.br\/en\/negocios\/consultoria-em-mudancas-do-clima-e-sustentabilidade\/#primaryimage\",\"url\":\"https:\/\/www.grupoplantar.com.br\/wp-content\/uploads\/2012\/10\/img-banner31.jpg\",\"contentUrl\":\"https:\/\/www.grupoplantar.com.br\/wp-content\/uploads\/2012\/10\/img-banner31.jpg\",\"width\":\"1250\",\"height\":\"340\"},{\"@type\":\"BreadcrumbList\",\"@id\":\"https:\/\/www.grupoplantar.com.br\/en\/negocios\/consultoria-em-mudancas-do-clima-e-sustentabilidade\/#breadcrumb\",\"itemListElement\":[{\"@type\":\"ListItem\",\"position\":1,\"name\":\"Neg\u00f3cios\",\"item\":\"\/negocios\/ativos-florestais\/\"},{\"@type\":\"ListItem\",\"position\":2,\"name\":\"Consultancy on Climate Change and Sustainability\"}]},{\"@type\":\"WebSite\",\"@id\":\"https:\/\/www.grupoplantar.com.br\/#website\",\"url\":\"https:\/\/www.grupoplantar.com.br\/\",\"name\":\"Grupo Plantar\",\"description\":\"\u00c1rvores por um mundo melhor.\",\"publisher\":{\"@id\":\"https:\/\/www.grupoplantar.com.br\/#organization\"},\"potentialAction\":[{\"@type\":\"SearchAction\",\"target\":{\"@type\":\"EntryPoint\",\"urlTemplate\":\"https:\/\/www.grupoplantar.com.br\/?s={search_term_string}\"},\"query-input\":{\"@type\":\"PropertyValueSpecification\",\"valueRequired\":true,\"valueName\":\"search_term_string\"}}],\"inLanguage\":\"en-US\"},{\"@type\":\"Organization\",\"@id\":\"https:\/\/www.grupoplantar.com.br\/#organization\",\"name\":\"Grupo Plantar\",\"url\":\"https:\/\/www.grupoplantar.com.br\/\",\"logo\":{\"@type\":\"ImageObject\",\"inLanguage\":\"en-US\",\"@id\":\"https:\/\/www.grupoplantar.com.br\/#\/schema\/logo\/image\/\",\"url\":\"https:\/\/www.grupoplantar.com.br\/wp-content\/uploads\/logo-plantar1.png\",\"contentUrl\":\"https:\/\/www.grupoplantar.com.br\/wp-content\/uploads\/logo-plantar1.png\",\"width\":128,\"height\":126,\"caption\":\"Grupo Plantar\"},\"image\":{\"@id\":\"https:\/\/www.grupoplantar.com.br\/#\/schema\/logo\/image\/\"}}]}<\/script>\n<!-- \/ Yoast SEO plugin. -->","yoast_head_json":{"title":"[:pt]Consultoria em Mudan\u00e7a do Clima e Sustentabilidade[:en]Consultancy on Climate Change and Sustainability[:] - Grupo Plantar","robots":{"index":"index","follow":"follow","max-snippet":"max-snippet:-1","max-image-preview":"max-image-preview:large","max-video-preview":"max-video-preview:-1"},"canonical":"https:\/\/www.grupoplantar.com.br\/en\/negocios\/consultoria-em-mudancas-do-clima-e-sustentabilidade\/","og_locale":"en_US","og_type":"article","og_title":"[:pt]Consultoria em Mudan\u00e7a do Clima e Sustentabilidade[:en]Consultancy on Climate Change and Sustainability[:] - Grupo Plantar","og_description":"Plantar Carbon Ltda. is the Plantar Group&#8217;s consultancy company for climate change and sustainability, built upon the Group&#8217;s innovative experience in the global carbon market. Our activities started 15 years ago with the development of the first Brazilian carbon credits project under the Clean Development Mechanism of the Kyoto Protocol. Over time, the company has [&hellip;]","og_url":"https:\/\/www.grupoplantar.com.br\/en\/negocios\/consultoria-em-mudancas-do-clima-e-sustentabilidade\/","og_site_name":"Grupo Plantar","article_modified_time":"2024-04-15T12:42:48+00:00","og_image":[{"width":1250,"height":340,"url":"https:\/\/www.grupoplantar.com.br\/wp-content\/uploads\/2012\/10\/img-banner31.jpg","type":"image\/jpeg"}],"twitter_card":"summary_large_image","twitter_misc":{"Est. reading time":"3 minutes"},"schema":{"@context":"https:\/\/schema.org","@graph":[{"@type":"WebPage","@id":"https:\/\/www.grupoplantar.com.br\/en\/negocios\/consultoria-em-mudancas-do-clima-e-sustentabilidade\/","url":"https:\/\/www.grupoplantar.com.br\/en\/negocios\/consultoria-em-mudancas-do-clima-e-sustentabilidade\/","name":"[:pt]Consultoria em Mudan\u00e7a do Clima e Sustentabilidade[:en]Consultancy on Climate Change and Sustainability[:] - Grupo Plantar","isPartOf":{"@id":"https:\/\/www.grupoplantar.com.br\/#website"},"primaryImageOfPage":{"@id":"https:\/\/www.grupoplantar.com.br\/en\/negocios\/consultoria-em-mudancas-do-clima-e-sustentabilidade\/#primaryimage"},"image":{"@id":"https:\/\/www.grupoplantar.com.br\/en\/negocios\/consultoria-em-mudancas-do-clima-e-sustentabilidade\/#primaryimage"},"thumbnailUrl":"https:\/\/www.grupoplantar.com.br\/wp-content\/uploads\/2012\/10\/img-banner31.jpg","datePublished":"2012-11-21T12:23:24+00:00","dateModified":"2024-04-15T12:42:48+00:00","breadcrumb":{"@id":"https:\/\/www.grupoplantar.com.br\/en\/negocios\/consultoria-em-mudancas-do-clima-e-sustentabilidade\/#breadcrumb"},"inLanguage":"en-US","potentialAction":[{"@type":"ReadAction","target":["https:\/\/www.grupoplantar.com.br\/en\/negocios\/consultoria-em-mudancas-do-clima-e-sustentabilidade\/"]}]},{"@type":"ImageObject","inLanguage":"en-US","@id":"https:\/\/www.grupoplantar.com.br\/en\/negocios\/consultoria-em-mudancas-do-clima-e-sustentabilidade\/#primaryimage","url":"https:\/\/www.grupoplantar.com.br\/wp-content\/uploads\/2012\/10\/img-banner31.jpg","contentUrl":"https:\/\/www.grupoplantar.com.br\/wp-content\/uploads\/2012\/10\/img-banner31.jpg","width":"1250","height":"340"},{"@type":"BreadcrumbList","@id":"https:\/\/www.grupoplantar.com.br\/en\/negocios\/consultoria-em-mudancas-do-clima-e-sustentabilidade\/#breadcrumb","itemListElement":[{"@type":"ListItem","position":1,"name":"Neg\u00f3cios","item":"\/negocios\/ativos-florestais\/"},{"@type":"ListItem","position":2,"name":"Consultancy on Climate Change and Sustainability"}]},{"@type":"WebSite","@id":"https:\/\/www.grupoplantar.com.br\/#website","url":"https:\/\/www.grupoplantar.com.br\/","name":"Grupo Plantar","description":"\u00c1rvores por um mundo melhor.","publisher":{"@id":"https:\/\/www.grupoplantar.com.br\/#organization"},"potentialAction":[{"@type":"SearchAction","target":{"@type":"EntryPoint","urlTemplate":"https:\/\/www.grupoplantar.com.br\/?s={search_term_string}"},"query-input":{"@type":"PropertyValueSpecification","valueRequired":true,"valueName":"search_term_string"}}],"inLanguage":"en-US"},{"@type":"Organization","@id":"https:\/\/www.grupoplantar.com.br\/#organization","name":"Grupo Plantar","url":"https:\/\/www.grupoplantar.com.br\/","logo":{"@type":"ImageObject","inLanguage":"en-US","@id":"https:\/\/www.grupoplantar.com.br\/#\/schema\/logo\/image\/","url":"https:\/\/www.grupoplantar.com.br\/wp-content\/uploads\/logo-plantar1.png","contentUrl":"https:\/\/www.grupoplantar.com.br\/wp-content\/uploads\/logo-plantar1.png","width":128,"height":126,"caption":"Grupo Plantar"},"image":{"@id":"https:\/\/www.grupoplantar.com.br\/#\/schema\/logo\/image\/"}}]}},"_links":{"self":[{"href":"https:\/\/www.grupoplantar.com.br\/en\/wp-json\/wp\/v2\/pages\/178"}],"collection":[{"href":"https:\/\/www.grupoplantar.com.br\/en\/wp-json\/wp\/v2\/pages"}],"about":[{"href":"https:\/\/www.grupoplantar.com.br\/en\/wp-json\/wp\/v2\/types\/page"}],"author":[{"embeddable":true,"href":"https:\/\/www.grupoplantar.com.br\/en\/wp-json\/wp\/v2\/users\/1"}],"replies":[{"embeddable":true,"href":"https:\/\/www.grupoplantar.com.br\/en\/wp-json\/wp\/v2\/comments?post=178"}],"version-history":[{"count":25,"href":"https:\/\/www.grupoplantar.com.br\/en\/wp-json\/wp\/v2\/pages\/178\/revisions"}],"predecessor-version":[{"id":10551,"href":"https:\/\/www.grupoplantar.com.br\/en\/wp-json\/wp\/v2\/pages\/178\/revisions\/10551"}],"up":[{"embeddable":true,"href":"https:\/\/www.grupoplantar.com.br\/en\/wp-json\/wp\/v2\/pages\/7"}],"wp:featuredmedia":[{"embeddable":true,"href":"https:\/\/www.grupoplantar.com.br\/en\/wp-json\/wp\/v2\/media\/94"}],"wp:attachment":[{"href":"https:\/\/www.grupoplantar.com.br\/en\/wp-json\/wp\/v2\/media?parent=178"}],"curies":[{"name":"wp","href":"https:\/\/api.w.org\/{rel}","templated":true}]}}