{"id":203,"date":"2012-11-21T12:59:44","date_gmt":"2012-11-21T12:59:44","guid":{"rendered":"http:\/\/www.plantar.com.br\/?page_id=203"},"modified":"2013-04-16T15:06:20","modified_gmt":"2013-04-16T15:06:20","slug":"produtos","status":"publish","type":"page","link":"https:\/\/www.grupoplantar.com.br\/en\/negocios\/produtos-florestais\/produtos\/","title":{"rendered":"Products"},"content":{"rendered":"<p>The Research and Development area of Plantar Empreendimentos directs its efforts in order for AMARU to reach you, the consumer, with satisfactory levels of density, hardness, strength and thinning.<\/p>\n<p>Quality assurance is a matter of principle within the Plantar Group. Before making available to the consumer market, AMARU lots are periodically inspected to evaluate two parameters that attest the quality of the preserved wood, including:<\/p>\n<ul>\n<li>Permeation: relates to the depth and uniformity achieved by the preservative product, in the permeable layers of wood. To assess, \u00a0a very simple colorimetric test is done, which requires the use of a reagent called Chrome azurol-S. When applied superficially in a section of preserved wood, the Chrome azurol-S takes a blue pattern when into contact with the preservative substance. The best result is proved when the surface of the test body has a uniform blue color throughout the sapwood length.<\/li>\n<li>Retention: \u00a0is the amount of the preservative substance present in the wood. The retention rates vary depending on the wood\u00b4s end use. For each end use there is a corresponding retention, defined by the NBR-7190 standard, which ensures the treatment effectiveness. Retention levels can only be assessed by testing in properly equipped laboratories.<\/li>\n<\/ul>\n<p><strong>Natural AMARU\u00a0poles<\/strong><\/p>\n<p>Natural AMARU poles are sold under its natural taper, in other words, with a varying diameter along its length.<\/p>\n<p>The table below \u00a0presents the main commercial characteristics of Natural AMARU:<\/p>\n<table class=\"tabela\" cellspacing=\"0\">\n<tbody>\n<tr>\n<td colspan=\"2\" align=\"center\" valign=\"top\"><strong><strong>NATURAL\u00a0<\/strong>AMARU<\/strong><\/td>\n<\/tr>\n<tr>\n<td valign=\"top\">Taper<\/td>\n<td valign=\"top\">Low<\/td>\n<\/tr>\n<tr>\n<td valign=\"top\">Diameters\u00a0(cm)<\/td>\n<td valign=\"top\">4 to 28<\/td>\n<\/tr>\n<tr>\n<td valign=\"top\">Forest growing cycle<\/td>\n<td valign=\"top\">Short to long<\/td>\n<\/tr>\n<tr>\n<td valign=\"top\">Lengths\u00a0(m)<\/td>\n<td valign=\"top\">2.20, 2.50, 3.20, 4.00, 5.00, 6.00, 8.00, 9.00 e 12.00<\/td>\n<\/tr>\n<\/tbody>\n<\/table>\n<p><strong>Natural AMARU Poles:<\/strong><\/p>\n<div>\n<p>The AMARU poles are synonymous of safety and durability for electrical networks, whether for transmission or distribution, rural or urban. All procedures involved in the production of these elements are performed in accordance witth the Associa\u00e7\u00e3o Brasileira de Normas T\u00e9cnicas (ABNT) &#8211; Brazilian Association of Technical Standards \u2013 norms as well as the norms by the Companhia Energetica de Minas Gerais (Cemig), which is a PLANTAR\u00b4s customer and has specific technical standards for poles and cross arms round wood.<\/p>\n<\/div>\n<p>Main advantages of AMARU poles::<\/p>\n<ul>\n<li>Completely renewable and sustainable raw material;<\/li>\n<li>Low cost compared to other materials;<\/li>\n<li>High durability and excellent resistance, proven through trials and mechanical tests.<\/li>\n<\/ul>\n<p>In the city or in the countryside, trust AMARU poles, wood preserved to last!<\/p>\n<p><strong>AMARU wood profile:<\/strong><\/p>\n<p>To be marketed as a wood profile product, before the chemical treatment, AMARU undergo a mechanical processing in order to eliminate the natural taper of the logs along its length.<\/p>\n<p>AMARU wood profile can be purchased in three diameters, available in round wood or arched sections:<\/p>\n<table border=\"0\" cellspacing=\"50\" cellpadding=\"0\">\n<tbody>\n<tr>\n<td align=\"center\" valign=\"middle\"><img loading=\"lazy\" decoding=\"async\" class=\"alignnone size-medium wp-image-900\" alt=\"Arch\" src=\"https:\/\/www.grupoplantar.com.br\/wp-content\/uploads\/2012\/11\/img_002-300x111.jpg\" width=\"300\" height=\"111\" srcset=\"https:\/\/www.grupoplantar.com.br\/wp-content\/uploads\/2012\/11\/img_002-300x111.jpg 300w, https:\/\/www.grupoplantar.com.br\/wp-content\/uploads\/2012\/11\/img_002-1024x378.jpg 1024w, https:\/\/www.grupoplantar.com.br\/wp-content\/uploads\/2012\/11\/img_002.jpg 1489w\" sizes=\"(max-width: 300px) 100vw, 300px\" \/><br \/>\n<strong>ARCH<\/strong><\/td>\n<td align=\"center\" valign=\"middle\"><img loading=\"lazy\" decoding=\"async\" class=\"alignnone  wp-image-899\" alt=\"Round\" src=\"https:\/\/www.grupoplantar.com.br\/wp-content\/uploads\/2012\/11\/img_001-300x119.jpg\" width=\"300\" height=\"119\" srcset=\"https:\/\/www.grupoplantar.com.br\/wp-content\/uploads\/2012\/11\/img_001-300x119.jpg 300w, https:\/\/www.grupoplantar.com.br\/wp-content\/uploads\/2012\/11\/img_001-1024x406.jpg 1024w, https:\/\/www.grupoplantar.com.br\/wp-content\/uploads\/2012\/11\/img_001.jpg 1489w\" sizes=\"(max-width: 300px) 100vw, 300px\" \/><strong><br \/>\nROUND<\/strong><\/td>\n<\/tr>\n<\/tbody>\n<\/table>\n<p>The round wood and arched profiles form the basis of AMARU wood profile Building System, which allows for a multitude of combinations, imposing no restrictions for use in construction projects.<\/p>\n<table border=\"0\" cellspacing=\"50\" cellpadding=\"0\">\n<tbody>\n<tr>\n<td align=\"center\" valign=\"middle\"><img loading=\"lazy\" decoding=\"async\" class=\"alignnone size-full wp-image-901\" alt=\"Pilar Duplo ou Viga Dupla\" src=\"https:\/\/www.grupoplantar.com.br\/wp-content\/uploads\/2012\/11\/img_003-e1360258869345.jpg\" width=\"80\" height=\"150\" \/><\/p>\n<p><strong>DOUBLE PILLAR<\/strong><br \/>\n<strong>OR<\/strong><br \/>\n<strong>DOUBLE BEAM<\/strong><\/td>\n<td align=\"center\" valign=\"middle\"><strong><img loading=\"lazy\" decoding=\"async\" class=\"alignnone size-full wp-image-1072\" alt=\"img_004\" src=\"https:\/\/www.grupoplantar.com.br\/wp-content\/uploads\/2012\/11\/img_004-e1362580684507.jpg\" width=\"80\" height=\"183\" \/><br \/>\nSANDWICH PILLAR<\/strong><\/td>\n<td align=\"center\" valign=\"middle\"><img loading=\"lazy\" decoding=\"async\" class=\"alignnone  wp-image-902\" alt=\"Viga Tripla\" src=\"https:\/\/www.grupoplantar.com.br\/wp-content\/uploads\/2012\/11\/img_005-e1360259339880.jpg\" width=\"80\" height=\"219\" \/><\/p>\n<p><strong>TRIPLE BEAM<\/strong><\/td>\n<td align=\"center\" valign=\"middle\"><img loading=\"lazy\" decoding=\"async\" class=\"alignnone size-full wp-image-903\" alt=\"Pilar Triplo\" src=\"https:\/\/www.grupoplantar.com.br\/wp-content\/uploads\/2012\/11\/img_006-e1360259746982.jpg\" width=\"150\" height=\"159\" \/><\/p>\n<p><strong>TRIPLE PILLAR<\/strong><\/td>\n<td align=\"center\" valign=\"middle\"><img loading=\"lazy\" decoding=\"async\" class=\"alignnone size-thumbnail wp-image-904\" alt=\"Pilar Qu\u00e1druplo\" src=\"https:\/\/www.grupoplantar.com.br\/wp-content\/uploads\/2012\/11\/img_007-150x150.jpg\" width=\"150\" height=\"150\" \/><\/p>\n<p><strong>QUADRUPLE PILLAR<\/strong><\/td>\n<\/tr>\n<\/tbody>\n<\/table>\n<p>As a structural, sealing or decorative element, AMARU wood profiles frees your creativity and introduces very important advantages, such as:<\/p>\n<ul>\n<li>It consists of totally renewable feedstock;<\/li>\n<li>It has a higher mechanical resistance when compared to different kinds of reforestation wood;<\/li>\n<li>Can be used indoor or outdoor, humid or dry environments;<\/li>\n<li>Its durability is assured by the excellent preservative treatment;<\/li>\n<li>It has no taper along its length;<\/li>\n<li>It is more practical for implementation of fittings and insertion, with good finishing standard;<\/li>\n<li>Easier to transport and for installing its pieces in a construction site;<\/li>\n<li>It is compatible with other materials and construction systems;<\/li>\n<li>Has excellent cost-benefit ratio.<\/li>\n<\/ul>\n<p>The table below \u00a0presents \u00a0the main commercial features of Profiled AMARU:<\/p>\n<table class=\"tabela\" cellspacing=\"0\">\n<tbody>\n<tr>\n<td colspan=\"2\" align=\"center\" valign=\"top\"><strong>PROFILED AMARU<br \/>\n<\/strong><\/td>\n<\/tr>\n<tr>\n<td valign=\"top\">Taper<\/td>\n<td valign=\"top\">Absent<\/td>\n<\/tr>\n<tr>\n<td valign=\"top\">Diameters\u00a0(cm)<\/td>\n<td valign=\"top\">11, 13 e 15<\/td>\n<\/tr>\n<tr>\n<td valign=\"top\">Forest growing cycle<\/td>\n<td valign=\"top\">Short<\/td>\n<\/tr>\n<tr>\n<td valign=\"top\">Lengths\u00a0(m)<\/td>\n<td valign=\"top\">2.20, 2.50, 3.20, 4.00, 5.00 e 6.00<\/td>\n<\/tr>\n<\/tbody>\n<\/table>\n<p>Trust AMARU wood profile, wood preserved to last!<\/p>\n<p><strong>AMARU wood profile Crossarms:<\/strong><\/p>\n<p>PLANTAR, a pioneer in the country offers to the market AMARU wood profile Crossarms in the form of round wood poles (see figure XX), which does not allow the accumulation of water on top of it, unlike other lumber products.<\/p>\n<p>Before sending AMARU wood profile Crossarms for chemical treatment, they undergo a mechanical processing to eliminate the natural taper of logs lengthwise. Therefore, wood profile are generated to provide easy transportation, insertion of the insulators and definitive installation, whether on wooden, concrete or steel poles. Since the wood is an insulating material, AMARU wood profile Crossarms also offer lower risks of short circuits and power leakage.<\/p>\n<p>The innovation of the sector is in the use of AMARU wood profile Crossarms, wood preserved to last!<\/p>","protected":false},"excerpt":{"rendered":"<p>The Research and Development area of Plantar Empreendimentos directs its efforts in order for AMARU to reach you, the consumer, with satisfactory levels of density, hardness, strength and thinning. Quality assurance is a matter of principle within the Plantar Group. Before making available to the consumer market, AMARU lots are periodically inspected to evaluate two [&hellip;]<\/p>\n","protected":false},"author":1,"featured_media":416,"parent":170,"menu_order":0,"comment_status":"open","ping_status":"closed","template":"page-negocios.php","meta":{"_acf_changed":false,"footnotes":"","_links_to":"","_links_to_target":""},"class_list":["post-203","page","type-page","status-publish","has-post-thumbnail","hentry"],"acf":[],"yoast_head":"<!-- This site is optimized with the Yoast SEO plugin v23.7 - https:\/\/yoast.com\/wordpress\/plugins\/seo\/ -->\n<title>ProdutosProducts - Grupo Plantar<\/title>\n<meta name=\"robots\" content=\"index, follow, max-snippet:-1, max-image-preview:large, max-video-preview:-1\" \/>\n<link rel=\"canonical\" href=\"https:\/\/www.grupoplantar.com.br\/negocios\/produtos-florestais\/produtos\/\" \/>\n<meta property=\"og:locale\" content=\"en_US\" \/>\n<meta property=\"og:type\" content=\"article\" \/>\n<meta property=\"og:title\" content=\"ProdutosProducts - Grupo Plantar\" \/>\n<meta property=\"og:description\" content=\"The Research and Development area of Plantar Empreendimentos directs its efforts in order for AMARU to reach you, the consumer, with satisfactory levels of density, hardness, strength and thinning. Quality assurance is a matter of principle within the Plantar Group. Before making available to the consumer market, AMARU lots are periodically inspected to evaluate two [&hellip;]\" \/>\n<meta property=\"og:url\" content=\"https:\/\/www.grupoplantar.com.br\/negocios\/produtos-florestais\/produtos\/\" \/>\n<meta property=\"og:site_name\" content=\"Grupo Plantar\" \/>\n<meta property=\"article:modified_time\" content=\"2013-04-16T15:06:20+00:00\" \/>\n<meta property=\"og:image\" content=\"https:\/\/www.grupoplantar.com.br\/wp-content\/uploads\/2012\/11\/img_capa_produtos_florestais.jpg\" \/>\n\t<meta property=\"og:image:width\" content=\"1250\" \/>\n\t<meta property=\"og:image:height\" content=\"340\" \/>\n\t<meta property=\"og:image:type\" content=\"image\/jpeg\" \/>\n<meta name=\"twitter:card\" content=\"summary_large_image\" \/>\n<meta name=\"twitter:label1\" content=\"Est. reading time\" \/>\n\t<meta name=\"twitter:data1\" content=\"8 minutes\" \/>\n<script type=\"application\/ld+json\" class=\"yoast-schema-graph\">{\"@context\":\"https:\/\/schema.org\",\"@graph\":[{\"@type\":\"WebPage\",\"@id\":\"https:\/\/www.grupoplantar.com.br\/negocios\/produtos-florestais\/produtos\/\",\"url\":\"https:\/\/www.grupoplantar.com.br\/negocios\/produtos-florestais\/produtos\/\",\"name\":\"ProdutosProducts - Grupo Plantar\",\"isPartOf\":{\"@id\":\"https:\/\/www.grupoplantar.com.br\/#website\"},\"primaryImageOfPage\":{\"@id\":\"https:\/\/www.grupoplantar.com.br\/negocios\/produtos-florestais\/produtos\/#primaryimage\"},\"image\":{\"@id\":\"https:\/\/www.grupoplantar.com.br\/negocios\/produtos-florestais\/produtos\/#primaryimage\"},\"thumbnailUrl\":\"https:\/\/www.grupoplantar.com.br\/wp-content\/uploads\/2012\/11\/img_capa_produtos_florestais.jpg\",\"datePublished\":\"2012-11-21T12:59:44+00:00\",\"dateModified\":\"2013-04-16T15:06:20+00:00\",\"breadcrumb\":{\"@id\":\"https:\/\/www.grupoplantar.com.br\/negocios\/produtos-florestais\/produtos\/#breadcrumb\"},\"inLanguage\":\"en-US\",\"potentialAction\":[{\"@type\":\"ReadAction\",\"target\":[\"https:\/\/www.grupoplantar.com.br\/negocios\/produtos-florestais\/produtos\/\"]}]},{\"@type\":\"ImageObject\",\"inLanguage\":\"en-US\",\"@id\":\"https:\/\/www.grupoplantar.com.br\/negocios\/produtos-florestais\/produtos\/#primaryimage\",\"url\":\"https:\/\/www.grupoplantar.com.br\/wp-content\/uploads\/2012\/11\/img_capa_produtos_florestais.jpg\",\"contentUrl\":\"https:\/\/www.grupoplantar.com.br\/wp-content\/uploads\/2012\/11\/img_capa_produtos_florestais.jpg\",\"width\":\"1250\",\"height\":\"340\"},{\"@type\":\"BreadcrumbList\",\"@id\":\"https:\/\/www.grupoplantar.com.br\/negocios\/produtos-florestais\/produtos\/#breadcrumb\",\"itemListElement\":[{\"@type\":\"ListItem\",\"position\":1,\"name\":\"Neg\u00f3cios\",\"item\":\"\/negocios\/ativos-florestais\/\"},{\"@type\":\"ListItem\",\"position\":2,\"name\":\"Produtos Florestais (AMARU)\",\"item\":\"https:\/\/www.grupoplantar.com.br\/negocios\/produtos-florestais\/\"},{\"@type\":\"ListItem\",\"position\":3,\"name\":\"Produtos\"}]},{\"@type\":\"WebSite\",\"@id\":\"https:\/\/www.grupoplantar.com.br\/#website\",\"url\":\"https:\/\/www.grupoplantar.com.br\/\",\"name\":\"Grupo Plantar\",\"description\":\"\u00c1rvores por um mundo melhor.\",\"publisher\":{\"@id\":\"https:\/\/www.grupoplantar.com.br\/#organization\"},\"potentialAction\":[{\"@type\":\"SearchAction\",\"target\":{\"@type\":\"EntryPoint\",\"urlTemplate\":\"https:\/\/www.grupoplantar.com.br\/?s={search_term_string}\"},\"query-input\":{\"@type\":\"PropertyValueSpecification\",\"valueRequired\":true,\"valueName\":\"search_term_string\"}}],\"inLanguage\":\"en-US\"},{\"@type\":\"Organization\",\"@id\":\"https:\/\/www.grupoplantar.com.br\/#organization\",\"name\":\"Grupo Plantar\",\"url\":\"https:\/\/www.grupoplantar.com.br\/\",\"logo\":{\"@type\":\"ImageObject\",\"inLanguage\":\"en-US\",\"@id\":\"https:\/\/www.grupoplantar.com.br\/#\/schema\/logo\/image\/\",\"url\":\"https:\/\/www.grupoplantar.com.br\/wp-content\/uploads\/logo-plantar1.png\",\"contentUrl\":\"https:\/\/www.grupoplantar.com.br\/wp-content\/uploads\/logo-plantar1.png\",\"width\":128,\"height\":126,\"caption\":\"Grupo Plantar\"},\"image\":{\"@id\":\"https:\/\/www.grupoplantar.com.br\/#\/schema\/logo\/image\/\"}}]}<\/script>\n<!-- \/ Yoast SEO plugin. -->","yoast_head_json":{"title":"ProdutosProducts - Grupo Plantar","robots":{"index":"index","follow":"follow","max-snippet":"max-snippet:-1","max-image-preview":"max-image-preview:large","max-video-preview":"max-video-preview:-1"},"canonical":"https:\/\/www.grupoplantar.com.br\/negocios\/produtos-florestais\/produtos\/","og_locale":"en_US","og_type":"article","og_title":"ProdutosProducts - Grupo Plantar","og_description":"The Research and Development area of Plantar Empreendimentos directs its efforts in order for AMARU to reach you, the consumer, with satisfactory levels of density, hardness, strength and thinning. Quality assurance is a matter of principle within the Plantar Group. Before making available to the consumer market, AMARU lots are periodically inspected to evaluate two [&hellip;]","og_url":"https:\/\/www.grupoplantar.com.br\/negocios\/produtos-florestais\/produtos\/","og_site_name":"Grupo Plantar","article_modified_time":"2013-04-16T15:06:20+00:00","og_image":[{"width":1250,"height":340,"url":"https:\/\/www.grupoplantar.com.br\/wp-content\/uploads\/2012\/11\/img_capa_produtos_florestais.jpg","type":"image\/jpeg"}],"twitter_card":"summary_large_image","twitter_misc":{"Est. reading time":"8 minutes"},"schema":{"@context":"https:\/\/schema.org","@graph":[{"@type":"WebPage","@id":"https:\/\/www.grupoplantar.com.br\/negocios\/produtos-florestais\/produtos\/","url":"https:\/\/www.grupoplantar.com.br\/negocios\/produtos-florestais\/produtos\/","name":"ProdutosProducts - Grupo Plantar","isPartOf":{"@id":"https:\/\/www.grupoplantar.com.br\/#website"},"primaryImageOfPage":{"@id":"https:\/\/www.grupoplantar.com.br\/negocios\/produtos-florestais\/produtos\/#primaryimage"},"image":{"@id":"https:\/\/www.grupoplantar.com.br\/negocios\/produtos-florestais\/produtos\/#primaryimage"},"thumbnailUrl":"https:\/\/www.grupoplantar.com.br\/wp-content\/uploads\/2012\/11\/img_capa_produtos_florestais.jpg","datePublished":"2012-11-21T12:59:44+00:00","dateModified":"2013-04-16T15:06:20+00:00","breadcrumb":{"@id":"https:\/\/www.grupoplantar.com.br\/negocios\/produtos-florestais\/produtos\/#breadcrumb"},"inLanguage":"en-US","potentialAction":[{"@type":"ReadAction","target":["https:\/\/www.grupoplantar.com.br\/negocios\/produtos-florestais\/produtos\/"]}]},{"@type":"ImageObject","inLanguage":"en-US","@id":"https:\/\/www.grupoplantar.com.br\/negocios\/produtos-florestais\/produtos\/#primaryimage","url":"https:\/\/www.grupoplantar.com.br\/wp-content\/uploads\/2012\/11\/img_capa_produtos_florestais.jpg","contentUrl":"https:\/\/www.grupoplantar.com.br\/wp-content\/uploads\/2012\/11\/img_capa_produtos_florestais.jpg","width":"1250","height":"340"},{"@type":"BreadcrumbList","@id":"https:\/\/www.grupoplantar.com.br\/negocios\/produtos-florestais\/produtos\/#breadcrumb","itemListElement":[{"@type":"ListItem","position":1,"name":"Neg\u00f3cios","item":"\/negocios\/ativos-florestais\/"},{"@type":"ListItem","position":2,"name":"Produtos Florestais (AMARU)","item":"https:\/\/www.grupoplantar.com.br\/negocios\/produtos-florestais\/"},{"@type":"ListItem","position":3,"name":"Produtos"}]},{"@type":"WebSite","@id":"https:\/\/www.grupoplantar.com.br\/#website","url":"https:\/\/www.grupoplantar.com.br\/","name":"Grupo Plantar","description":"\u00c1rvores por um mundo melhor.","publisher":{"@id":"https:\/\/www.grupoplantar.com.br\/#organization"},"potentialAction":[{"@type":"SearchAction","target":{"@type":"EntryPoint","urlTemplate":"https:\/\/www.grupoplantar.com.br\/?s={search_term_string}"},"query-input":{"@type":"PropertyValueSpecification","valueRequired":true,"valueName":"search_term_string"}}],"inLanguage":"en-US"},{"@type":"Organization","@id":"https:\/\/www.grupoplantar.com.br\/#organization","name":"Grupo Plantar","url":"https:\/\/www.grupoplantar.com.br\/","logo":{"@type":"ImageObject","inLanguage":"en-US","@id":"https:\/\/www.grupoplantar.com.br\/#\/schema\/logo\/image\/","url":"https:\/\/www.grupoplantar.com.br\/wp-content\/uploads\/logo-plantar1.png","contentUrl":"https:\/\/www.grupoplantar.com.br\/wp-content\/uploads\/logo-plantar1.png","width":128,"height":126,"caption":"Grupo Plantar"},"image":{"@id":"https:\/\/www.grupoplantar.com.br\/#\/schema\/logo\/image\/"}}]}},"_links":{"self":[{"href":"https:\/\/www.grupoplantar.com.br\/en\/wp-json\/wp\/v2\/pages\/203"}],"collection":[{"href":"https:\/\/www.grupoplantar.com.br\/en\/wp-json\/wp\/v2\/pages"}],"about":[{"href":"https:\/\/www.grupoplantar.com.br\/en\/wp-json\/wp\/v2\/types\/page"}],"author":[{"embeddable":true,"href":"https:\/\/www.grupoplantar.com.br\/en\/wp-json\/wp\/v2\/users\/1"}],"replies":[{"embeddable":true,"href":"https:\/\/www.grupoplantar.com.br\/en\/wp-json\/wp\/v2\/comments?post=203"}],"version-history":[{"count":27,"href":"https:\/\/www.grupoplantar.com.br\/en\/wp-json\/wp\/v2\/pages\/203\/revisions"}],"predecessor-version":[{"id":205,"href":"https:\/\/www.grupoplantar.com.br\/en\/wp-json\/wp\/v2\/pages\/203\/revisions\/205"}],"up":[{"embeddable":true,"href":"https:\/\/www.grupoplantar.com.br\/en\/wp-json\/wp\/v2\/pages\/170"}],"wp:featuredmedia":[{"embeddable":true,"href":"https:\/\/www.grupoplantar.com.br\/en\/wp-json\/wp\/v2\/media\/416"}],"wp:attachment":[{"href":"https:\/\/www.grupoplantar.com.br\/en\/wp-json\/wp\/v2\/media?parent=203"}],"curies":[{"name":"wp","href":"https:\/\/api.w.org\/{rel}","templated":true}]}}