{"id":206,"date":"2012-11-21T13:05:14","date_gmt":"2012-11-21T13:05:14","guid":{"rendered":"http:\/\/www.plantar.com.br\/?page_id=206"},"modified":"2024-09-05T13:40:16","modified_gmt":"2024-09-05T13:40:16","slug":"solucoes","status":"publish","type":"page","link":"https:\/\/www.grupoplantar.com.br\/en\/negocios\/produtos-florestais\/solucoes\/","title":{"rendered":"Solutions (Projects)"},"content":{"rendered":"<p>AMARU\u00b4s wood profile by its excellent quality, dimensional stability and resistance, has enabled the internal development of an innovative construction system, which provides to civil construction refined technical and high quality solutions, with treated round wood. Using small diameter wood profile pieces; the system provides speed, economy and beauty to your construction.<\/p>\n<p>Amaru Wood profiles presents endless possibilities of use! Aiming to demonstrate the enormous potential of Construction System, the team of Plantar Empreendimentos has developed a unique range of projects for different purposes such as houses, pergolas, gazebos, playground equipment, furniture, solutions for landscaping, structures for farms and ranches, etc.. Such projects can be freely accessed and downloaded on this page and also at Montana Qu\u00edmica website, a great partner company on this venture. Professionals that work with project design have an important source of research, within the projects mentioned above, on general solutions and technical details, available on our Construction System database. Constructors and customers may use our projects as a basis for their own projects in its entirety or with minor modifications.<\/p>\n<p><strong>Choose the project and<em>download<\/em> it for free.<\/strong><\/p>\n<p>All technical information on the following documents, such as dimensioning, fasteners and construction details have been developed specifically for AMARU wood profile, and we can not guarantee the solutions presented here, if used in other materials.<\/p>\n<table width=\"568\" align=\"center\">\n<tbody>\n<tr>\n<td align=\"center\"><a title=\"Bungalow\" href=\"\/en\/negocios\/produtos-florestais\/solucoes\/bangalos\/\"><img decoding=\"async\" style=\"border: 1px solid green; padding: 2px 2px 2px 2px;\" src=\"https:\/\/www.grupoplantar.com.br\/wp-content\/uploads\/prjs_bangalos.jpg\" alt=\"Bungalow\" \/><br \/>\nBungalow<\/a><\/td>\n<td align=\"center\"><a title=\"Toys\" href=\"\/en\/negocios\/produtos-florestais\/solucoes\/brinquedos\/\"><img decoding=\"async\" style=\"border: 1px solid green; padding: 4px 4px 4px 4px;\" src=\"https:\/\/www.grupoplantar.com.br\/wp-content\/uploads\/prjs_brinquedos.jpg\" alt=\"Toys\" \/><br \/>\nToys<\/a><\/td>\n<td align=\"center\"><a title=\"Homes\" href=\"\/en\/negocios\/produtos-florestais\/solucoes\/residencias\/\"><img decoding=\"async\" style=\"border: 1px solid green; padding: 2px 2px 2px 2px;\" src=\"https:\/\/www.grupoplantar.com.br\/wp-content\/uploads\/prjs_residencias.jpg\" alt=\"Homes\" \/><br \/>\nHomes<\/a><\/td>\n<td align=\"center\"><a title=\"Special Fences\" href=\"\/en\/negocios\/produtos-florestais\/solucoes\/cercas-especiais\/\"><img decoding=\"async\" style=\"border: 1px solid green; padding: 2px 2px 2px 2px;\" src=\"https:\/\/www.grupoplantar.com.br\/wp-content\/uploads\/prjs_cercas.jpg\" alt=\"Special Fences\" \/><br \/>\nSpecial Fences<\/a><\/td>\n<td align=\"center\"><a title=\"Leisure Spaces\" href=\"\/en\/negocios\/produtos-florestais\/solucoes\/espacoes-de-lazer\/\"><img decoding=\"async\" style=\"border: 1px solid green; padding: 2px 2px 2px 2px;\" src=\"https:\/\/www.grupoplantar.com.br\/wp-content\/uploads\/prjs_laser.jpg\" alt=\"Leisure Spaces\" \/><br \/>\nLeisure Spaces<\/a><\/td>\n<\/tr>\n<tr>\n<td align=\"center\"><a title=\"Pergola\" href=\"\/en\/negocios\/produtos-florestais\/solucoes\/pergolados\/\"><img decoding=\"async\" style=\"border: 1px solid green; padding: 2px 2px 2px 2px;\" src=\"https:\/\/www.grupoplantar.com.br\/wp-content\/uploads\/prjs_pergolados.jpg\" alt=\"Pergola\" \/><br \/>\nPergola<\/a><\/td>\n<td align=\"center\"><a title=\"Urban Furniture\" href=\"\/en\/negocios\/produtos-florestais\/solucoes\/mobiliario-urbano\/\"><img decoding=\"async\" style=\"border: 1px solid green; padding: 2px 2px 2px 2px;\" src=\"https:\/\/www.grupoplantar.com.br\/wp-content\/uploads\/prjs_mobiliarios.jpg\" alt=\"Urban Furniture\" \/><br \/>\nUrban Furniture<\/a><\/td>\n<td align=\"center\"><a title=\"Landscaping\" href=\"\/en\/negocios\/produtos-florestais\/solucoes\/paisagismo\/\"><img decoding=\"async\" style=\"border: 1px solid green; padding: 2px 2px 2px 2px;\" src=\"https:\/\/www.grupoplantar.com.br\/wp-content\/uploads\/prjs_paisagismo.jpg\" alt=\"Landscaping\" \/><br \/>\nLandscaping<\/a><\/td>\n<td align=\"center\"><a title=\"Haras and Carriage House\" href=\"\/en\/negocios\/produtos-florestais\/solucoes\/haras-e-cocheiras\/\"><img decoding=\"async\" style=\"border: 1px solid green; padding: 2px 2px 2px 2px;\" src=\"https:\/\/www.grupoplantar.com.br\/wp-content\/uploads\/prjs_haras_cocheiras.jpg\" alt=\"Haras and Carriage House\" \/><br \/>\nHaras and Carriage House<\/a><\/td>\n<\/tr>\n<\/tbody>\n<\/table>\n<p><a title=\"Training Courses\" href=\"\/negocios\/produtos-florestais\/solucoes\/cursos-de-capacitacao\/?&amp;lang=en\">Training Courses<\/a><\/p>","protected":false},"excerpt":{"rendered":"<p>Sorry, this entry is only available in Portugu\u00eas.<\/p>\n","protected":false},"author":1,"featured_media":416,"parent":170,"menu_order":1,"comment_status":"open","ping_status":"closed","template":"page-negocios.php","meta":{"_acf_changed":false,"footnotes":"","_links_to":"","_links_to_target":""},"class_list":["post-206","page","type-page","status-publish","has-post-thumbnail","hentry"],"acf":[],"yoast_head":"<!-- This site is optimized with the Yoast SEO plugin v23.7 - https:\/\/yoast.com\/wordpress\/plugins\/seo\/ -->\n<title>Solu\u00e7\u00f5es (Projetos)Solutions (Projects) - Grupo Plantar<\/title>\n<meta name=\"robots\" content=\"index, follow, max-snippet:-1, max-image-preview:large, max-video-preview:-1\" \/>\n<link rel=\"canonical\" href=\"https:\/\/www.grupoplantar.com.br\/negocios\/produtos-florestais\/solucoes\/\" \/>\n<meta property=\"og:locale\" content=\"en_US\" \/>\n<meta property=\"og:type\" content=\"article\" \/>\n<meta property=\"og:title\" content=\"Solu\u00e7\u00f5es (Projetos)Solutions (Projects) - Grupo Plantar\" \/>\n<meta property=\"og:description\" content=\"Sorry, this entry is only available in Portugu\u00eas.\" \/>\n<meta property=\"og:url\" content=\"https:\/\/www.grupoplantar.com.br\/negocios\/produtos-florestais\/solucoes\/\" \/>\n<meta property=\"og:site_name\" content=\"Grupo Plantar\" \/>\n<meta property=\"article:modified_time\" content=\"2024-09-05T13:40:16+00:00\" \/>\n<meta property=\"og:image\" content=\"https:\/\/www.grupoplantar.com.br\/wp-content\/uploads\/2012\/11\/img_capa_produtos_florestais.jpg\" \/>\n\t<meta property=\"og:image:width\" content=\"1250\" \/>\n\t<meta property=\"og:image:height\" content=\"340\" \/>\n\t<meta property=\"og:image:type\" content=\"image\/jpeg\" \/>\n<meta name=\"twitter:card\" content=\"summary_large_image\" \/>\n<meta name=\"twitter:label1\" content=\"Est. reading time\" \/>\n\t<meta name=\"twitter:data1\" content=\"7 minutes\" \/>\n<script type=\"application\/ld+json\" class=\"yoast-schema-graph\">{\"@context\":\"https:\/\/schema.org\",\"@graph\":[{\"@type\":\"WebPage\",\"@id\":\"https:\/\/www.grupoplantar.com.br\/negocios\/produtos-florestais\/solucoes\/\",\"url\":\"https:\/\/www.grupoplantar.com.br\/negocios\/produtos-florestais\/solucoes\/\",\"name\":\"Solu\u00e7\u00f5es (Projetos)Solutions (Projects) - Grupo Plantar\",\"isPartOf\":{\"@id\":\"https:\/\/www.grupoplantar.com.br\/#website\"},\"primaryImageOfPage\":{\"@id\":\"https:\/\/www.grupoplantar.com.br\/negocios\/produtos-florestais\/solucoes\/#primaryimage\"},\"image\":{\"@id\":\"https:\/\/www.grupoplantar.com.br\/negocios\/produtos-florestais\/solucoes\/#primaryimage\"},\"thumbnailUrl\":\"https:\/\/www.grupoplantar.com.br\/wp-content\/uploads\/2012\/11\/img_capa_produtos_florestais.jpg\",\"datePublished\":\"2012-11-21T13:05:14+00:00\",\"dateModified\":\"2024-09-05T13:40:16+00:00\",\"breadcrumb\":{\"@id\":\"https:\/\/www.grupoplantar.com.br\/negocios\/produtos-florestais\/solucoes\/#breadcrumb\"},\"inLanguage\":\"en-US\",\"potentialAction\":[{\"@type\":\"ReadAction\",\"target\":[\"https:\/\/www.grupoplantar.com.br\/negocios\/produtos-florestais\/solucoes\/\"]}]},{\"@type\":\"ImageObject\",\"inLanguage\":\"en-US\",\"@id\":\"https:\/\/www.grupoplantar.com.br\/negocios\/produtos-florestais\/solucoes\/#primaryimage\",\"url\":\"https:\/\/www.grupoplantar.com.br\/wp-content\/uploads\/2012\/11\/img_capa_produtos_florestais.jpg\",\"contentUrl\":\"https:\/\/www.grupoplantar.com.br\/wp-content\/uploads\/2012\/11\/img_capa_produtos_florestais.jpg\",\"width\":\"1250\",\"height\":\"340\"},{\"@type\":\"BreadcrumbList\",\"@id\":\"https:\/\/www.grupoplantar.com.br\/negocios\/produtos-florestais\/solucoes\/#breadcrumb\",\"itemListElement\":[{\"@type\":\"ListItem\",\"position\":1,\"name\":\"Neg\u00f3cios\",\"item\":\"\/negocios\/ativos-florestais\/\"},{\"@type\":\"ListItem\",\"position\":2,\"name\":\"Produtos Florestais (AMARU)\",\"item\":\"https:\/\/www.grupoplantar.com.br\/negocios\/produtos-florestais\/\"},{\"@type\":\"ListItem\",\"position\":3,\"name\":\"Solu\u00e7\u00f5es (Projetos)\"}]},{\"@type\":\"WebSite\",\"@id\":\"https:\/\/www.grupoplantar.com.br\/#website\",\"url\":\"https:\/\/www.grupoplantar.com.br\/\",\"name\":\"Grupo Plantar\",\"description\":\"\u00c1rvores por um mundo melhor.\",\"publisher\":{\"@id\":\"https:\/\/www.grupoplantar.com.br\/#organization\"},\"potentialAction\":[{\"@type\":\"SearchAction\",\"target\":{\"@type\":\"EntryPoint\",\"urlTemplate\":\"https:\/\/www.grupoplantar.com.br\/?s={search_term_string}\"},\"query-input\":{\"@type\":\"PropertyValueSpecification\",\"valueRequired\":true,\"valueName\":\"search_term_string\"}}],\"inLanguage\":\"en-US\"},{\"@type\":\"Organization\",\"@id\":\"https:\/\/www.grupoplantar.com.br\/#organization\",\"name\":\"Grupo Plantar\",\"url\":\"https:\/\/www.grupoplantar.com.br\/\",\"logo\":{\"@type\":\"ImageObject\",\"inLanguage\":\"en-US\",\"@id\":\"https:\/\/www.grupoplantar.com.br\/#\/schema\/logo\/image\/\",\"url\":\"https:\/\/www.grupoplantar.com.br\/wp-content\/uploads\/logo-plantar1.png\",\"contentUrl\":\"https:\/\/www.grupoplantar.com.br\/wp-content\/uploads\/logo-plantar1.png\",\"width\":128,\"height\":126,\"caption\":\"Grupo Plantar\"},\"image\":{\"@id\":\"https:\/\/www.grupoplantar.com.br\/#\/schema\/logo\/image\/\"}}]}<\/script>\n<!-- \/ Yoast SEO plugin. -->","yoast_head_json":{"title":"Solu\u00e7\u00f5es (Projetos)Solutions (Projects) - Grupo Plantar","robots":{"index":"index","follow":"follow","max-snippet":"max-snippet:-1","max-image-preview":"max-image-preview:large","max-video-preview":"max-video-preview:-1"},"canonical":"https:\/\/www.grupoplantar.com.br\/negocios\/produtos-florestais\/solucoes\/","og_locale":"en_US","og_type":"article","og_title":"Solu\u00e7\u00f5es (Projetos)Solutions (Projects) - Grupo Plantar","og_description":"Sorry, this entry is only available in Portugu\u00eas.","og_url":"https:\/\/www.grupoplantar.com.br\/negocios\/produtos-florestais\/solucoes\/","og_site_name":"Grupo Plantar","article_modified_time":"2024-09-05T13:40:16+00:00","og_image":[{"width":1250,"height":340,"url":"https:\/\/www.grupoplantar.com.br\/wp-content\/uploads\/2012\/11\/img_capa_produtos_florestais.jpg","type":"image\/jpeg"}],"twitter_card":"summary_large_image","twitter_misc":{"Est. reading time":"7 minutes"},"schema":{"@context":"https:\/\/schema.org","@graph":[{"@type":"WebPage","@id":"https:\/\/www.grupoplantar.com.br\/negocios\/produtos-florestais\/solucoes\/","url":"https:\/\/www.grupoplantar.com.br\/negocios\/produtos-florestais\/solucoes\/","name":"Solu\u00e7\u00f5es (Projetos)Solutions (Projects) - Grupo Plantar","isPartOf":{"@id":"https:\/\/www.grupoplantar.com.br\/#website"},"primaryImageOfPage":{"@id":"https:\/\/www.grupoplantar.com.br\/negocios\/produtos-florestais\/solucoes\/#primaryimage"},"image":{"@id":"https:\/\/www.grupoplantar.com.br\/negocios\/produtos-florestais\/solucoes\/#primaryimage"},"thumbnailUrl":"https:\/\/www.grupoplantar.com.br\/wp-content\/uploads\/2012\/11\/img_capa_produtos_florestais.jpg","datePublished":"2012-11-21T13:05:14+00:00","dateModified":"2024-09-05T13:40:16+00:00","breadcrumb":{"@id":"https:\/\/www.grupoplantar.com.br\/negocios\/produtos-florestais\/solucoes\/#breadcrumb"},"inLanguage":"en-US","potentialAction":[{"@type":"ReadAction","target":["https:\/\/www.grupoplantar.com.br\/negocios\/produtos-florestais\/solucoes\/"]}]},{"@type":"ImageObject","inLanguage":"en-US","@id":"https:\/\/www.grupoplantar.com.br\/negocios\/produtos-florestais\/solucoes\/#primaryimage","url":"https:\/\/www.grupoplantar.com.br\/wp-content\/uploads\/2012\/11\/img_capa_produtos_florestais.jpg","contentUrl":"https:\/\/www.grupoplantar.com.br\/wp-content\/uploads\/2012\/11\/img_capa_produtos_florestais.jpg","width":"1250","height":"340"},{"@type":"BreadcrumbList","@id":"https:\/\/www.grupoplantar.com.br\/negocios\/produtos-florestais\/solucoes\/#breadcrumb","itemListElement":[{"@type":"ListItem","position":1,"name":"Neg\u00f3cios","item":"\/negocios\/ativos-florestais\/"},{"@type":"ListItem","position":2,"name":"Produtos Florestais (AMARU)","item":"https:\/\/www.grupoplantar.com.br\/negocios\/produtos-florestais\/"},{"@type":"ListItem","position":3,"name":"Solu\u00e7\u00f5es (Projetos)"}]},{"@type":"WebSite","@id":"https:\/\/www.grupoplantar.com.br\/#website","url":"https:\/\/www.grupoplantar.com.br\/","name":"Grupo Plantar","description":"\u00c1rvores por um mundo melhor.","publisher":{"@id":"https:\/\/www.grupoplantar.com.br\/#organization"},"potentialAction":[{"@type":"SearchAction","target":{"@type":"EntryPoint","urlTemplate":"https:\/\/www.grupoplantar.com.br\/?s={search_term_string}"},"query-input":{"@type":"PropertyValueSpecification","valueRequired":true,"valueName":"search_term_string"}}],"inLanguage":"en-US"},{"@type":"Organization","@id":"https:\/\/www.grupoplantar.com.br\/#organization","name":"Grupo Plantar","url":"https:\/\/www.grupoplantar.com.br\/","logo":{"@type":"ImageObject","inLanguage":"en-US","@id":"https:\/\/www.grupoplantar.com.br\/#\/schema\/logo\/image\/","url":"https:\/\/www.grupoplantar.com.br\/wp-content\/uploads\/logo-plantar1.png","contentUrl":"https:\/\/www.grupoplantar.com.br\/wp-content\/uploads\/logo-plantar1.png","width":128,"height":126,"caption":"Grupo Plantar"},"image":{"@id":"https:\/\/www.grupoplantar.com.br\/#\/schema\/logo\/image\/"}}]}},"_links":{"self":[{"href":"https:\/\/www.grupoplantar.com.br\/en\/wp-json\/wp\/v2\/pages\/206"}],"collection":[{"href":"https:\/\/www.grupoplantar.com.br\/en\/wp-json\/wp\/v2\/pages"}],"about":[{"href":"https:\/\/www.grupoplantar.com.br\/en\/wp-json\/wp\/v2\/types\/page"}],"author":[{"embeddable":true,"href":"https:\/\/www.grupoplantar.com.br\/en\/wp-json\/wp\/v2\/users\/1"}],"replies":[{"embeddable":true,"href":"https:\/\/www.grupoplantar.com.br\/en\/wp-json\/wp\/v2\/comments?post=206"}],"version-history":[{"count":93,"href":"https:\/\/www.grupoplantar.com.br\/en\/wp-json\/wp\/v2\/pages\/206\/revisions"}],"predecessor-version":[{"id":12197,"href":"https:\/\/www.grupoplantar.com.br\/en\/wp-json\/wp\/v2\/pages\/206\/revisions\/12197"}],"up":[{"embeddable":true,"href":"https:\/\/www.grupoplantar.com.br\/en\/wp-json\/wp\/v2\/pages\/170"}],"wp:featuredmedia":[{"embeddable":true,"href":"https:\/\/www.grupoplantar.com.br\/en\/wp-json\/wp\/v2\/media\/416"}],"wp:attachment":[{"href":"https:\/\/www.grupoplantar.com.br\/en\/wp-json\/wp\/v2\/media?parent=206"}],"curies":[{"name":"wp","href":"https:\/\/api.w.org\/{rel}","templated":true}]}}