{"id":244,"date":"2012-11-21T13:23:29","date_gmt":"2012-11-21T13:23:29","guid":{"rendered":"http:\/\/www.plantar.com.br\/?page_id=244"},"modified":"2013-04-11T17:56:02","modified_gmt":"2013-04-11T17:56:02","slug":"areas-de-atuacao","status":"publish","type":"page","link":"https:\/\/www.grupoplantar.com.br\/en\/negocios\/consultoria-em-mudancas-do-clima-e-sustentabilidade\/areas-de-atuacao\/","title":{"rendered":"Services"},"content":{"rendered":"<p>Plantar Carbon offers multiple services regarding climate change mitigation and adaptation, taking into account the integration with broader sustainability strategies. Our portfolio includes specific activities, such as inventories of greenhouse gases and carbon projects, as well as structured products, such as the development of climate change and sustainability strategies and the valuation of carbon assets in national and international frameworks. Find bellow t he main groups of products offered by Plantar Carbon in Brazil or abroad:<\/p>\n<p><strong>1) Strategic assessment on climate change and sustainability:<\/strong><\/p>\n<p>Development of a strategic assessment for the insertion of organizations on climate change related issues, including the identification of scenarios at internal and external levels, threats and opportunities, and potential drivers of value related to mitigation and adaptation efforts, in the context of broader sustainability strategies.<\/p>\n<p><strong>2) Development of specific projects, plans and policies:<\/strong><\/p>\n<p>We provide advice on the development and implementation of strategic planning for climate change mitigation and adaptation, as well as of specific projects, plans and policies. These activities may result from the strategic assessment (see product 1) or from existing organizational policies and include:<\/p>\n<ul>\n<li>Preparation of GHG inventories and corporate reports;<\/li>\n<li>Development and implementation of carbon credits projects in regulated or voluntary markets;<\/li>\n<li>Plans for organizational insertion in regulatory frameworks at national and international levels;<\/li>\n<li>Sectoral public policies and economic-financial arrangements for mitigation and adaptation;<\/li>\n<li>Technical support for the development of research on climate change and for the valuation of climate friendly technologies.<\/li>\n<\/ul>\n<p><strong>3) Marketing plans and carbon trading:<\/strong><\/p>\n<p>Design and implementation of marketing strategies and carbon trading in different markets, whether voluntary or regulated, in Brazil or abroad.<\/p>\n<p><strong>4) Capacity building:<\/strong><\/p>\n<p>Development and implementation of capacity building programs, aimed at enhancing organizational and executive knowledge on climate change, at strategic, tactic or operational levels.<\/p>\n<p><strong>5) Customized projects:<\/strong><\/p>\n<p>Based on specific demands, we assist your organization in developing customized projects on climate change and sustainability.<\/p>","protected":false},"excerpt":{"rendered":"<p>Plantar Carbon offers multiple services regarding climate change mitigation and adaptation, taking into account the integration with broader sustainability strategies. Our portfolio includes specific activities, such as inventories of greenhouse gases and carbon projects, as well as structured products, such as the development of climate change and sustainability strategies and the valuation of carbon assets [&hellip;]<\/p>\n","protected":false},"author":1,"featured_media":1227,"parent":178,"menu_order":0,"comment_status":"open","ping_status":"closed","template":"page-negocios.php","meta":{"_acf_changed":false,"footnotes":"","_links_to":"","_links_to_target":""},"class_list":["post-244","page","type-page","status-publish","has-post-thumbnail","hentry"],"acf":[],"yoast_head":"<!-- This site is optimized with the Yoast SEO plugin v23.7 - https:\/\/yoast.com\/wordpress\/plugins\/seo\/ -->\n<title>\u00c1reas de Atua\u00e7\u00e3oServices - Grupo Plantar<\/title>\n<meta name=\"robots\" content=\"index, follow, max-snippet:-1, max-image-preview:large, max-video-preview:-1\" \/>\n<link rel=\"canonical\" href=\"https:\/\/www.grupoplantar.com.br\/negocios\/consultoria-em-mudancas-do-clima-e-sustentabilidade\/areas-de-atuacao\/\" \/>\n<meta property=\"og:locale\" content=\"en_US\" \/>\n<meta property=\"og:type\" content=\"article\" \/>\n<meta property=\"og:title\" content=\"\u00c1reas de Atua\u00e7\u00e3oServices - Grupo Plantar\" \/>\n<meta property=\"og:description\" content=\"Plantar Carbon offers multiple services regarding climate change mitigation and adaptation, taking into account the integration with broader sustainability strategies. Our portfolio includes specific activities, such as inventories of greenhouse gases and carbon projects, as well as structured products, such as the development of climate change and sustainability strategies and the valuation of carbon assets [&hellip;]\" \/>\n<meta property=\"og:url\" content=\"https:\/\/www.grupoplantar.com.br\/negocios\/consultoria-em-mudancas-do-clima-e-sustentabilidade\/areas-de-atuacao\/\" \/>\n<meta property=\"og:site_name\" content=\"Grupo Plantar\" \/>\n<meta property=\"article:modified_time\" content=\"2013-04-11T17:56:02+00:00\" \/>\n<meta property=\"og:image\" content=\"https:\/\/www.grupoplantar.com.br\/wp-content\/uploads\/horizon.jpg\" \/>\n\t<meta property=\"og:image:width\" content=\"1250\" \/>\n\t<meta property=\"og:image:height\" content=\"340\" \/>\n\t<meta property=\"og:image:type\" content=\"image\/jpeg\" \/>\n<meta name=\"twitter:card\" content=\"summary_large_image\" \/>\n<meta name=\"twitter:label1\" content=\"Est. reading time\" \/>\n\t<meta name=\"twitter:data1\" content=\"4 minutes\" \/>\n<script type=\"application\/ld+json\" class=\"yoast-schema-graph\">{\"@context\":\"https:\/\/schema.org\",\"@graph\":[{\"@type\":\"WebPage\",\"@id\":\"https:\/\/www.grupoplantar.com.br\/negocios\/consultoria-em-mudancas-do-clima-e-sustentabilidade\/areas-de-atuacao\/\",\"url\":\"https:\/\/www.grupoplantar.com.br\/negocios\/consultoria-em-mudancas-do-clima-e-sustentabilidade\/areas-de-atuacao\/\",\"name\":\"\u00c1reas de Atua\u00e7\u00e3oServices - Grupo Plantar\",\"isPartOf\":{\"@id\":\"https:\/\/www.grupoplantar.com.br\/#website\"},\"primaryImageOfPage\":{\"@id\":\"https:\/\/www.grupoplantar.com.br\/negocios\/consultoria-em-mudancas-do-clima-e-sustentabilidade\/areas-de-atuacao\/#primaryimage\"},\"image\":{\"@id\":\"https:\/\/www.grupoplantar.com.br\/negocios\/consultoria-em-mudancas-do-clima-e-sustentabilidade\/areas-de-atuacao\/#primaryimage\"},\"thumbnailUrl\":\"https:\/\/www.grupoplantar.com.br\/wp-content\/uploads\/horizon.jpg\",\"datePublished\":\"2012-11-21T13:23:29+00:00\",\"dateModified\":\"2013-04-11T17:56:02+00:00\",\"breadcrumb\":{\"@id\":\"https:\/\/www.grupoplantar.com.br\/negocios\/consultoria-em-mudancas-do-clima-e-sustentabilidade\/areas-de-atuacao\/#breadcrumb\"},\"inLanguage\":\"en-US\",\"potentialAction\":[{\"@type\":\"ReadAction\",\"target\":[\"https:\/\/www.grupoplantar.com.br\/negocios\/consultoria-em-mudancas-do-clima-e-sustentabilidade\/areas-de-atuacao\/\"]}]},{\"@type\":\"ImageObject\",\"inLanguage\":\"en-US\",\"@id\":\"https:\/\/www.grupoplantar.com.br\/negocios\/consultoria-em-mudancas-do-clima-e-sustentabilidade\/areas-de-atuacao\/#primaryimage\",\"url\":\"https:\/\/www.grupoplantar.com.br\/wp-content\/uploads\/horizon.jpg\",\"contentUrl\":\"https:\/\/www.grupoplantar.com.br\/wp-content\/uploads\/horizon.jpg\",\"width\":1250,\"height\":340},{\"@type\":\"BreadcrumbList\",\"@id\":\"https:\/\/www.grupoplantar.com.br\/negocios\/consultoria-em-mudancas-do-clima-e-sustentabilidade\/areas-de-atuacao\/#breadcrumb\",\"itemListElement\":[{\"@type\":\"ListItem\",\"position\":1,\"name\":\"Neg\u00f3cios\",\"item\":\"\/negocios\/ativos-florestais\/\"},{\"@type\":\"ListItem\",\"position\":2,\"name\":\"Consultancy on Climate Change and Sustainability\",\"item\":\"https:\/\/www.grupoplantar.com.br\/en\/negocios\/consultoria-em-mudancas-do-clima-e-sustentabilidade\/\"},{\"@type\":\"ListItem\",\"position\":3,\"name\":\"\u00c1reas de Atua\u00e7\u00e3o\"}]},{\"@type\":\"WebSite\",\"@id\":\"https:\/\/www.grupoplantar.com.br\/#website\",\"url\":\"https:\/\/www.grupoplantar.com.br\/\",\"name\":\"Grupo Plantar\",\"description\":\"\u00c1rvores por um mundo melhor.\",\"publisher\":{\"@id\":\"https:\/\/www.grupoplantar.com.br\/#organization\"},\"potentialAction\":[{\"@type\":\"SearchAction\",\"target\":{\"@type\":\"EntryPoint\",\"urlTemplate\":\"https:\/\/www.grupoplantar.com.br\/?s={search_term_string}\"},\"query-input\":{\"@type\":\"PropertyValueSpecification\",\"valueRequired\":true,\"valueName\":\"search_term_string\"}}],\"inLanguage\":\"en-US\"},{\"@type\":\"Organization\",\"@id\":\"https:\/\/www.grupoplantar.com.br\/#organization\",\"name\":\"Grupo Plantar\",\"url\":\"https:\/\/www.grupoplantar.com.br\/\",\"logo\":{\"@type\":\"ImageObject\",\"inLanguage\":\"en-US\",\"@id\":\"https:\/\/www.grupoplantar.com.br\/#\/schema\/logo\/image\/\",\"url\":\"https:\/\/www.grupoplantar.com.br\/wp-content\/uploads\/logo-plantar1.png\",\"contentUrl\":\"https:\/\/www.grupoplantar.com.br\/wp-content\/uploads\/logo-plantar1.png\",\"width\":128,\"height\":126,\"caption\":\"Grupo Plantar\"},\"image\":{\"@id\":\"https:\/\/www.grupoplantar.com.br\/#\/schema\/logo\/image\/\"}}]}<\/script>\n<!-- \/ Yoast SEO plugin. -->","yoast_head_json":{"title":"\u00c1reas de Atua\u00e7\u00e3oServices - Grupo Plantar","robots":{"index":"index","follow":"follow","max-snippet":"max-snippet:-1","max-image-preview":"max-image-preview:large","max-video-preview":"max-video-preview:-1"},"canonical":"https:\/\/www.grupoplantar.com.br\/negocios\/consultoria-em-mudancas-do-clima-e-sustentabilidade\/areas-de-atuacao\/","og_locale":"en_US","og_type":"article","og_title":"\u00c1reas de Atua\u00e7\u00e3oServices - Grupo Plantar","og_description":"Plantar Carbon offers multiple services regarding climate change mitigation and adaptation, taking into account the integration with broader sustainability strategies. Our portfolio includes specific activities, such as inventories of greenhouse gases and carbon projects, as well as structured products, such as the development of climate change and sustainability strategies and the valuation of carbon assets [&hellip;]","og_url":"https:\/\/www.grupoplantar.com.br\/negocios\/consultoria-em-mudancas-do-clima-e-sustentabilidade\/areas-de-atuacao\/","og_site_name":"Grupo Plantar","article_modified_time":"2013-04-11T17:56:02+00:00","og_image":[{"width":1250,"height":340,"url":"https:\/\/www.grupoplantar.com.br\/wp-content\/uploads\/horizon.jpg","type":"image\/jpeg"}],"twitter_card":"summary_large_image","twitter_misc":{"Est. reading time":"4 minutes"},"schema":{"@context":"https:\/\/schema.org","@graph":[{"@type":"WebPage","@id":"https:\/\/www.grupoplantar.com.br\/negocios\/consultoria-em-mudancas-do-clima-e-sustentabilidade\/areas-de-atuacao\/","url":"https:\/\/www.grupoplantar.com.br\/negocios\/consultoria-em-mudancas-do-clima-e-sustentabilidade\/areas-de-atuacao\/","name":"\u00c1reas de Atua\u00e7\u00e3oServices - Grupo Plantar","isPartOf":{"@id":"https:\/\/www.grupoplantar.com.br\/#website"},"primaryImageOfPage":{"@id":"https:\/\/www.grupoplantar.com.br\/negocios\/consultoria-em-mudancas-do-clima-e-sustentabilidade\/areas-de-atuacao\/#primaryimage"},"image":{"@id":"https:\/\/www.grupoplantar.com.br\/negocios\/consultoria-em-mudancas-do-clima-e-sustentabilidade\/areas-de-atuacao\/#primaryimage"},"thumbnailUrl":"https:\/\/www.grupoplantar.com.br\/wp-content\/uploads\/horizon.jpg","datePublished":"2012-11-21T13:23:29+00:00","dateModified":"2013-04-11T17:56:02+00:00","breadcrumb":{"@id":"https:\/\/www.grupoplantar.com.br\/negocios\/consultoria-em-mudancas-do-clima-e-sustentabilidade\/areas-de-atuacao\/#breadcrumb"},"inLanguage":"en-US","potentialAction":[{"@type":"ReadAction","target":["https:\/\/www.grupoplantar.com.br\/negocios\/consultoria-em-mudancas-do-clima-e-sustentabilidade\/areas-de-atuacao\/"]}]},{"@type":"ImageObject","inLanguage":"en-US","@id":"https:\/\/www.grupoplantar.com.br\/negocios\/consultoria-em-mudancas-do-clima-e-sustentabilidade\/areas-de-atuacao\/#primaryimage","url":"https:\/\/www.grupoplantar.com.br\/wp-content\/uploads\/horizon.jpg","contentUrl":"https:\/\/www.grupoplantar.com.br\/wp-content\/uploads\/horizon.jpg","width":1250,"height":340},{"@type":"BreadcrumbList","@id":"https:\/\/www.grupoplantar.com.br\/negocios\/consultoria-em-mudancas-do-clima-e-sustentabilidade\/areas-de-atuacao\/#breadcrumb","itemListElement":[{"@type":"ListItem","position":1,"name":"Neg\u00f3cios","item":"\/negocios\/ativos-florestais\/"},{"@type":"ListItem","position":2,"name":"Consultancy on Climate Change and Sustainability","item":"https:\/\/www.grupoplantar.com.br\/en\/negocios\/consultoria-em-mudancas-do-clima-e-sustentabilidade\/"},{"@type":"ListItem","position":3,"name":"\u00c1reas de Atua\u00e7\u00e3o"}]},{"@type":"WebSite","@id":"https:\/\/www.grupoplantar.com.br\/#website","url":"https:\/\/www.grupoplantar.com.br\/","name":"Grupo Plantar","description":"\u00c1rvores por um mundo melhor.","publisher":{"@id":"https:\/\/www.grupoplantar.com.br\/#organization"},"potentialAction":[{"@type":"SearchAction","target":{"@type":"EntryPoint","urlTemplate":"https:\/\/www.grupoplantar.com.br\/?s={search_term_string}"},"query-input":{"@type":"PropertyValueSpecification","valueRequired":true,"valueName":"search_term_string"}}],"inLanguage":"en-US"},{"@type":"Organization","@id":"https:\/\/www.grupoplantar.com.br\/#organization","name":"Grupo Plantar","url":"https:\/\/www.grupoplantar.com.br\/","logo":{"@type":"ImageObject","inLanguage":"en-US","@id":"https:\/\/www.grupoplantar.com.br\/#\/schema\/logo\/image\/","url":"https:\/\/www.grupoplantar.com.br\/wp-content\/uploads\/logo-plantar1.png","contentUrl":"https:\/\/www.grupoplantar.com.br\/wp-content\/uploads\/logo-plantar1.png","width":128,"height":126,"caption":"Grupo Plantar"},"image":{"@id":"https:\/\/www.grupoplantar.com.br\/#\/schema\/logo\/image\/"}}]}},"_links":{"self":[{"href":"https:\/\/www.grupoplantar.com.br\/en\/wp-json\/wp\/v2\/pages\/244"}],"collection":[{"href":"https:\/\/www.grupoplantar.com.br\/en\/wp-json\/wp\/v2\/pages"}],"about":[{"href":"https:\/\/www.grupoplantar.com.br\/en\/wp-json\/wp\/v2\/types\/page"}],"author":[{"embeddable":true,"href":"https:\/\/www.grupoplantar.com.br\/en\/wp-json\/wp\/v2\/users\/1"}],"replies":[{"embeddable":true,"href":"https:\/\/www.grupoplantar.com.br\/en\/wp-json\/wp\/v2\/comments?post=244"}],"version-history":[{"count":15,"href":"https:\/\/www.grupoplantar.com.br\/en\/wp-json\/wp\/v2\/pages\/244\/revisions"}],"predecessor-version":[{"id":1228,"href":"https:\/\/www.grupoplantar.com.br\/en\/wp-json\/wp\/v2\/pages\/244\/revisions\/1228"}],"up":[{"embeddable":true,"href":"https:\/\/www.grupoplantar.com.br\/en\/wp-json\/wp\/v2\/pages\/178"}],"wp:featuredmedia":[{"embeddable":true,"href":"https:\/\/www.grupoplantar.com.br\/en\/wp-json\/wp\/v2\/media\/1227"}],"wp:attachment":[{"href":"https:\/\/www.grupoplantar.com.br\/en\/wp-json\/wp\/v2\/media?parent=244"}],"curies":[{"name":"wp","href":"https:\/\/api.w.org\/{rel}","templated":true}]}}