{"id":3893,"date":"2022-08-23T15:06:47","date_gmt":"2022-08-23T15:06:47","guid":{"rendered":"https:\/\/www.grupoplantar.com.br\/?page_id=3893"},"modified":"2022-08-23T18:00:09","modified_gmt":"2022-08-23T18:00:09","slug":"onearth-climate-tech","status":"publish","type":"page","link":"https:\/\/www.grupoplantar.com.br\/en\/sustentabilidade\/onearth-climate-tech\/","title":{"rendered":"Onearth Climate Tech"},"content":{"rendered":"\n<p>A Onearth \u00e9 uma plataforma que escala o conhecimento na economia de baixo carbono por meio de projetos\u00a0selecionados, que reduzem emiss\u00f5es e aumentam remo\u00e7\u00f5es de carbono, com uma abordagem singular no mercado. Nossa miss\u00e3o \u00e9 criar e harmonizar valor econ\u00f4mico e prote\u00e7\u00e3o ao clima, com responsabilidade social e ambiental.<br><br>Utilizamos tecnologia DLT\u00b9 para fornecer rastreabilidade, seguran\u00e7a e transpar\u00eancia, oferecendo compensa\u00e7\u00f5es de carbono de alta qualidade. As opera\u00e7\u00f5es da empresa consistem em programas de capacita\u00e7\u00e3o e forma\u00e7\u00e3o empresarial, invent\u00e1rios automatizados de Gases do Efeito Estufa, gest\u00e3o completa dos portf\u00f3lios de carbono e desenvolvimento de estrat\u00e9gias para inser\u00e7\u00e3o de empresas na economia de baixo carbono a partir de servi\u00e7os que agregam valor aos diversos ativos.<br><br>Possu\u00edmos uma extensa base de clientes, incluindo grandes multinacionais, institui\u00e7\u00f5es multilaterais e institui\u00e7\u00f5es governamentais, no Brasil e no mundo, e atuamos com os principais mecanismos como a VERRA, UNFCCC (ONU) e GoldStandard para a gera\u00e7\u00e3o de cr\u00e9ditos de carbono de alta qualidade.<br><\/p>\n\n\n\n<p class=\"has-small-font-size\"><em>\u00b9DLT = Distributed Ledger Technology<\/em><\/p>\n","protected":false},"excerpt":{"rendered":"<p>A Onearth \u00e9 uma plataforma que escala o conhecimento na economia de baixo carbono por meio de projetos\u00a0selecionados, que reduzem emiss\u00f5es e aumentam remo\u00e7\u00f5es de carbono, com uma abordagem singular no mercado. Nossa miss\u00e3o \u00e9 criar e harmonizar valor econ\u00f4mico e prote\u00e7\u00e3o ao clima, com responsabilidade social e ambiental. Utilizamos tecnologia DLT\u00b9 para fornecer rastreabilidade, [&hellip;]<\/p>\n","protected":false},"author":6,"featured_media":3905,"parent":11,"menu_order":3,"comment_status":"closed","ping_status":"closed","template":"page-sustentabilidade.php","meta":{"_acf_changed":false,"footnotes":"","_links_to":"","_links_to_target":""},"class_list":["post-3893","page","type-page","status-publish","has-post-thumbnail","hentry"],"acf":[],"yoast_head":"<!-- This site is optimized with the Yoast SEO plugin v23.7 - https:\/\/yoast.com\/wordpress\/plugins\/seo\/ -->\n<title>Onearth Climate Tech - Grupo Plantar<\/title>\n<meta name=\"robots\" content=\"index, follow, max-snippet:-1, max-image-preview:large, max-video-preview:-1\" \/>\n<link rel=\"canonical\" href=\"https:\/\/www.grupoplantar.com.br\/sustentabilidade\/onearth-climate-tech\/\" \/>\n<meta property=\"og:locale\" content=\"en_US\" \/>\n<meta property=\"og:type\" content=\"article\" \/>\n<meta property=\"og:title\" content=\"Onearth Climate Tech - Grupo Plantar\" \/>\n<meta property=\"og:description\" content=\"A Onearth \u00e9 uma plataforma que escala o conhecimento na economia de baixo carbono por meio de projetos\u00a0selecionados, que reduzem emiss\u00f5es e aumentam remo\u00e7\u00f5es de carbono, com uma abordagem singular no mercado. Nossa miss\u00e3o \u00e9 criar e harmonizar valor econ\u00f4mico e prote\u00e7\u00e3o ao clima, com responsabilidade social e ambiental. Utilizamos tecnologia DLT\u00b9 para fornecer rastreabilidade, [&hellip;]\" \/>\n<meta property=\"og:url\" content=\"https:\/\/www.grupoplantar.com.br\/sustentabilidade\/onearth-climate-tech\/\" \/>\n<meta property=\"og:site_name\" content=\"Grupo Plantar\" \/>\n<meta property=\"article:modified_time\" content=\"2022-08-23T18:00:09+00:00\" \/>\n<meta property=\"og:image\" content=\"https:\/\/www.grupoplantar.com.br\/wp-content\/uploads\/header_plantar-site-1.png\" \/>\n\t<meta property=\"og:image:width\" content=\"1250\" \/>\n\t<meta property=\"og:image:height\" content=\"350\" \/>\n\t<meta property=\"og:image:type\" content=\"image\/png\" \/>\n<meta name=\"twitter:card\" content=\"summary_large_image\" \/>\n<meta name=\"twitter:label1\" content=\"Est. reading time\" \/>\n\t<meta name=\"twitter:data1\" content=\"1 minute\" \/>\n<script type=\"application\/ld+json\" class=\"yoast-schema-graph\">{\"@context\":\"https:\/\/schema.org\",\"@graph\":[{\"@type\":\"WebPage\",\"@id\":\"https:\/\/www.grupoplantar.com.br\/sustentabilidade\/onearth-climate-tech\/\",\"url\":\"https:\/\/www.grupoplantar.com.br\/sustentabilidade\/onearth-climate-tech\/\",\"name\":\"Onearth Climate Tech - Grupo Plantar\",\"isPartOf\":{\"@id\":\"https:\/\/www.grupoplantar.com.br\/#website\"},\"primaryImageOfPage\":{\"@id\":\"https:\/\/www.grupoplantar.com.br\/sustentabilidade\/onearth-climate-tech\/#primaryimage\"},\"image\":{\"@id\":\"https:\/\/www.grupoplantar.com.br\/sustentabilidade\/onearth-climate-tech\/#primaryimage\"},\"thumbnailUrl\":\"https:\/\/www.grupoplantar.com.br\/wp-content\/uploads\/header_plantar-site-1.png\",\"datePublished\":\"2022-08-23T15:06:47+00:00\",\"dateModified\":\"2022-08-23T18:00:09+00:00\",\"breadcrumb\":{\"@id\":\"https:\/\/www.grupoplantar.com.br\/sustentabilidade\/onearth-climate-tech\/#breadcrumb\"},\"inLanguage\":\"en-US\",\"potentialAction\":[{\"@type\":\"ReadAction\",\"target\":[\"https:\/\/www.grupoplantar.com.br\/sustentabilidade\/onearth-climate-tech\/\"]}]},{\"@type\":\"ImageObject\",\"inLanguage\":\"en-US\",\"@id\":\"https:\/\/www.grupoplantar.com.br\/sustentabilidade\/onearth-climate-tech\/#primaryimage\",\"url\":\"https:\/\/www.grupoplantar.com.br\/wp-content\/uploads\/header_plantar-site-1.png\",\"contentUrl\":\"https:\/\/www.grupoplantar.com.br\/wp-content\/uploads\/header_plantar-site-1.png\",\"width\":1250,\"height\":350},{\"@type\":\"BreadcrumbList\",\"@id\":\"https:\/\/www.grupoplantar.com.br\/sustentabilidade\/onearth-climate-tech\/#breadcrumb\",\"itemListElement\":[{\"@type\":\"ListItem\",\"position\":1,\"name\":\"Sustentabilidade\",\"item\":\"\/sustentabilidade\/gestao-socioambiental\/\"},{\"@type\":\"ListItem\",\"position\":2,\"name\":\"Onearth Climate Tech\"}]},{\"@type\":\"WebSite\",\"@id\":\"https:\/\/www.grupoplantar.com.br\/#website\",\"url\":\"https:\/\/www.grupoplantar.com.br\/\",\"name\":\"Grupo Plantar\",\"description\":\"\u00c1rvores por um mundo melhor.\",\"publisher\":{\"@id\":\"https:\/\/www.grupoplantar.com.br\/#organization\"},\"potentialAction\":[{\"@type\":\"SearchAction\",\"target\":{\"@type\":\"EntryPoint\",\"urlTemplate\":\"https:\/\/www.grupoplantar.com.br\/?s={search_term_string}\"},\"query-input\":{\"@type\":\"PropertyValueSpecification\",\"valueRequired\":true,\"valueName\":\"search_term_string\"}}],\"inLanguage\":\"en-US\"},{\"@type\":\"Organization\",\"@id\":\"https:\/\/www.grupoplantar.com.br\/#organization\",\"name\":\"Grupo Plantar\",\"url\":\"https:\/\/www.grupoplantar.com.br\/\",\"logo\":{\"@type\":\"ImageObject\",\"inLanguage\":\"en-US\",\"@id\":\"https:\/\/www.grupoplantar.com.br\/#\/schema\/logo\/image\/\",\"url\":\"https:\/\/www.grupoplantar.com.br\/wp-content\/uploads\/logo-plantar1.png\",\"contentUrl\":\"https:\/\/www.grupoplantar.com.br\/wp-content\/uploads\/logo-plantar1.png\",\"width\":128,\"height\":126,\"caption\":\"Grupo Plantar\"},\"image\":{\"@id\":\"https:\/\/www.grupoplantar.com.br\/#\/schema\/logo\/image\/\"}}]}<\/script>\n<!-- \/ Yoast SEO plugin. -->","yoast_head_json":{"title":"Onearth Climate Tech - Grupo Plantar","robots":{"index":"index","follow":"follow","max-snippet":"max-snippet:-1","max-image-preview":"max-image-preview:large","max-video-preview":"max-video-preview:-1"},"canonical":"https:\/\/www.grupoplantar.com.br\/sustentabilidade\/onearth-climate-tech\/","og_locale":"en_US","og_type":"article","og_title":"Onearth Climate Tech - Grupo Plantar","og_description":"A Onearth \u00e9 uma plataforma que escala o conhecimento na economia de baixo carbono por meio de projetos\u00a0selecionados, que reduzem emiss\u00f5es e aumentam remo\u00e7\u00f5es de carbono, com uma abordagem singular no mercado. Nossa miss\u00e3o \u00e9 criar e harmonizar valor econ\u00f4mico e prote\u00e7\u00e3o ao clima, com responsabilidade social e ambiental. Utilizamos tecnologia DLT\u00b9 para fornecer rastreabilidade, [&hellip;]","og_url":"https:\/\/www.grupoplantar.com.br\/sustentabilidade\/onearth-climate-tech\/","og_site_name":"Grupo Plantar","article_modified_time":"2022-08-23T18:00:09+00:00","og_image":[{"width":1250,"height":350,"url":"https:\/\/www.grupoplantar.com.br\/wp-content\/uploads\/header_plantar-site-1.png","type":"image\/png"}],"twitter_card":"summary_large_image","twitter_misc":{"Est. reading time":"1 minute"},"schema":{"@context":"https:\/\/schema.org","@graph":[{"@type":"WebPage","@id":"https:\/\/www.grupoplantar.com.br\/sustentabilidade\/onearth-climate-tech\/","url":"https:\/\/www.grupoplantar.com.br\/sustentabilidade\/onearth-climate-tech\/","name":"Onearth Climate Tech - Grupo Plantar","isPartOf":{"@id":"https:\/\/www.grupoplantar.com.br\/#website"},"primaryImageOfPage":{"@id":"https:\/\/www.grupoplantar.com.br\/sustentabilidade\/onearth-climate-tech\/#primaryimage"},"image":{"@id":"https:\/\/www.grupoplantar.com.br\/sustentabilidade\/onearth-climate-tech\/#primaryimage"},"thumbnailUrl":"https:\/\/www.grupoplantar.com.br\/wp-content\/uploads\/header_plantar-site-1.png","datePublished":"2022-08-23T15:06:47+00:00","dateModified":"2022-08-23T18:00:09+00:00","breadcrumb":{"@id":"https:\/\/www.grupoplantar.com.br\/sustentabilidade\/onearth-climate-tech\/#breadcrumb"},"inLanguage":"en-US","potentialAction":[{"@type":"ReadAction","target":["https:\/\/www.grupoplantar.com.br\/sustentabilidade\/onearth-climate-tech\/"]}]},{"@type":"ImageObject","inLanguage":"en-US","@id":"https:\/\/www.grupoplantar.com.br\/sustentabilidade\/onearth-climate-tech\/#primaryimage","url":"https:\/\/www.grupoplantar.com.br\/wp-content\/uploads\/header_plantar-site-1.png","contentUrl":"https:\/\/www.grupoplantar.com.br\/wp-content\/uploads\/header_plantar-site-1.png","width":1250,"height":350},{"@type":"BreadcrumbList","@id":"https:\/\/www.grupoplantar.com.br\/sustentabilidade\/onearth-climate-tech\/#breadcrumb","itemListElement":[{"@type":"ListItem","position":1,"name":"Sustentabilidade","item":"\/sustentabilidade\/gestao-socioambiental\/"},{"@type":"ListItem","position":2,"name":"Onearth Climate Tech"}]},{"@type":"WebSite","@id":"https:\/\/www.grupoplantar.com.br\/#website","url":"https:\/\/www.grupoplantar.com.br\/","name":"Grupo Plantar","description":"\u00c1rvores por um mundo melhor.","publisher":{"@id":"https:\/\/www.grupoplantar.com.br\/#organization"},"potentialAction":[{"@type":"SearchAction","target":{"@type":"EntryPoint","urlTemplate":"https:\/\/www.grupoplantar.com.br\/?s={search_term_string}"},"query-input":{"@type":"PropertyValueSpecification","valueRequired":true,"valueName":"search_term_string"}}],"inLanguage":"en-US"},{"@type":"Organization","@id":"https:\/\/www.grupoplantar.com.br\/#organization","name":"Grupo Plantar","url":"https:\/\/www.grupoplantar.com.br\/","logo":{"@type":"ImageObject","inLanguage":"en-US","@id":"https:\/\/www.grupoplantar.com.br\/#\/schema\/logo\/image\/","url":"https:\/\/www.grupoplantar.com.br\/wp-content\/uploads\/logo-plantar1.png","contentUrl":"https:\/\/www.grupoplantar.com.br\/wp-content\/uploads\/logo-plantar1.png","width":128,"height":126,"caption":"Grupo Plantar"},"image":{"@id":"https:\/\/www.grupoplantar.com.br\/#\/schema\/logo\/image\/"}}]}},"_links":{"self":[{"href":"https:\/\/www.grupoplantar.com.br\/en\/wp-json\/wp\/v2\/pages\/3893"}],"collection":[{"href":"https:\/\/www.grupoplantar.com.br\/en\/wp-json\/wp\/v2\/pages"}],"about":[{"href":"https:\/\/www.grupoplantar.com.br\/en\/wp-json\/wp\/v2\/types\/page"}],"author":[{"embeddable":true,"href":"https:\/\/www.grupoplantar.com.br\/en\/wp-json\/wp\/v2\/users\/6"}],"replies":[{"embeddable":true,"href":"https:\/\/www.grupoplantar.com.br\/en\/wp-json\/wp\/v2\/comments?post=3893"}],"version-history":[{"count":3,"href":"https:\/\/www.grupoplantar.com.br\/en\/wp-json\/wp\/v2\/pages\/3893\/revisions"}],"predecessor-version":[{"id":3913,"href":"https:\/\/www.grupoplantar.com.br\/en\/wp-json\/wp\/v2\/pages\/3893\/revisions\/3913"}],"up":[{"embeddable":true,"href":"https:\/\/www.grupoplantar.com.br\/en\/wp-json\/wp\/v2\/pages\/11"}],"wp:featuredmedia":[{"embeddable":true,"href":"https:\/\/www.grupoplantar.com.br\/en\/wp-json\/wp\/v2\/media\/3905"}],"wp:attachment":[{"href":"https:\/\/www.grupoplantar.com.br\/en\/wp-json\/wp\/v2\/media?parent=3893"}],"curies":[{"name":"wp","href":"https:\/\/api.w.org\/{rel}","templated":true}]}}